{"id":10724,"date":"2022-04-12T20:55:55","date_gmt":"2022-04-12T20:55:55","guid":{"rendered":"https:\/\/store.handsomecake.com\/product\/one-piece-whitebeard-edward-newgate-14-resin-statue-von-last-sleep\/"},"modified":"2024-06-12T15:09:06","modified_gmt":"2024-06-12T15:09:06","slug":"one-piece-whitebeard-edward-newgate-14-resin-statue-von-last-sleep","status":"publish","type":"product","link":"https:\/\/store.handsomecake.com\/en\/product\/one-piece-whitebeard-edward-newgate-14-resin-statue-von-last-sleep\/","title":{"rendered":"One Piece &#8211; Whitebeard (Edward Newgate) | 1:4 Resin Statue | von Last Sleep"},"content":{"rendered":"<p>One Piece &#8211; Whitebeard (Edward Newgate) | 1:4 Resin Statue |\u00a0von Last Sleep<br \/>\nI do ship EU-wide, please contact me, should questions arise.<\/p>\n<p>Tolle Statue des Kapit\u00e4ns der Whitebeards<br \/>\nWunderbar verarbeitete und sehr detaillierte Whitebeard Statue aus Polystone &#8211; k\u00fcnstlichem Stein-Harz-Gemisch.<\/p>\n<p><strong>Besonderheiten:<\/strong><\/p>\n<ul>\n<li>Austauschbarer Waffenarm<\/li>\n<li>388 St\u00fcck weltweit<\/li>\n<\/ul>\n<p><strong>Release-Status:<\/strong><\/p>\n<ul>\n<li>Vor Ort lagernd. Statue innerhalb von 3 Werktagen versandbereit.<\/li>\n<\/ul>\n<p>Wie immer bei meinen Artikeln &#8211; s\u00e4mtliche Geb\u00fchren sind, im Gegensatz zu anderen Angeboten, bereits inkludiert. Versand erfolgt ausschlie\u00dflich aus Deutschland, es fallen keine Zoll- und Importgeb\u00fchren an. Ihr kauft keine Katze im Sack \ud83d\ude42<\/p>\n<p>Ma\u00dfe der Statue:<br \/>\nGr\u00f6\u00dfe: ca. 91cm x 78cm x 53cm<br \/>\nGewicht: ca. 27 kg (Sch\u00e4tzung vom Studio)<\/p>\n<p>You are not prepared! \ud83d\ude42<\/p>","protected":false},"excerpt":{"rendered":"<p>One Piece &#8211; Whitebeard (Edward Newgate) | 1:4 Resin Statue |\u00a0von Last Sleep I do ship EU-wide, please contact me, should questions arise. Tolle Statue des Kapit\u00e4ns der Whitebeards Wunderbar verarbeitete und sehr detaillierte Whitebeard Statue aus Polystone &#8211; k\u00fcnstlichem Stein-Harz-Gemisch. Besonderheiten: Austauschbarer Waffenarm 388 St\u00fcck weltweit Release-Status: Vor Ort lagernd. Statue innerhalb von 3 [&hellip;]<\/p>\n","protected":false},"featured_media":10725,"comment_status":"closed","ping_status":"closed","template":"","meta":[],"product_brand":[],"product_cat":[89,84,567],"product_tag":[612,656,1043,658,479,147,251,383,1246,795,164,501,502,165,1243,1244,1245,154,255,136,137,379,381,380,382,1241,1242],"class_list":{"0":"post-10724","1":"product","2":"type-product","3":"status-publish","4":"has-post-thumbnail","6":"product_cat-one-piece","7":"product_cat-statuen-anime-comic-universum","8":"product_cat-in_stock_warehouse_china","9":"product_tag-anime","10":"product_tag-anime-collectibles","11":"product_tag-anime-statues","12":"product_tag-anime-toys","13":"product_tag-collectible","14":"product_tag-collectibles","15":"product_tag-collectibles-kaufen","16":"product_tag-collector","17":"product_tag-edward-newgate","18":"product_tag-handsomecake","19":"product_tag-one-piece-collectibles","20":"product_tag-one-piece-lifesize","21":"product_tag-one-piece-resin","22":"product_tag-one-piece-statue","23":"product_tag-one-piece-whitebeard","24":"product_tag-one-piece-whitebeard-collectible","25":"product_tag-one-piece-whitebeard-statue","26":"product_tag-resin-collectibles","27":"product_tag-resin-collectibles-kaufen","28":"product_tag-resin-statuen","29":"product_tag-resin-statuen-kaufen","30":"product_tag-statue-collectible","31":"product_tag-statue-collectibles","32":"product_tag-statues-collectible","33":"product_tag-statues-collectibles","34":"product_tag-whitebeard-collectible","35":"product_tag-whitebeard-statue","36":"pa_brand-las-sleep-studio","37":"pa_scale-1_to_4","39":"first","40":"outofstock","41":"taxable","42":"shipping-taxable","43":"product-type-simple"},"_links":{"self":[{"href":"https:\/\/store.handsomecake.com\/en\/wp-json\/wp\/v2\/product\/10724","targetHints":{"allow":["GET"]}}],"collection":[{"href":"https:\/\/store.handsomecake.com\/en\/wp-json\/wp\/v2\/product"}],"about":[{"href":"https:\/\/store.handsomecake.com\/en\/wp-json\/wp\/v2\/types\/product"}],"replies":[{"embeddable":true,"href":"https:\/\/store.handsomecake.com\/en\/wp-json\/wp\/v2\/comments?post=10724"}],"wp:featuredmedia":[{"embeddable":true,"href":"https:\/\/store.handsomecake.com\/en\/wp-json\/wp\/v2\/media\/10725"}],"wp:attachment":[{"href":"https:\/\/store.handsomecake.com\/en\/wp-json\/wp\/v2\/media?parent=10724"}],"wp:term":[{"taxonomy":"product_brand","embeddable":true,"href":"https:\/\/store.handsomecake.com\/en\/wp-json\/wp\/v2\/product_brand?post=10724"},{"taxonomy":"product_cat","embeddable":true,"href":"https:\/\/store.handsomecake.com\/en\/wp-json\/wp\/v2\/product_cat?post=10724"},{"taxonomy":"product_tag","embeddable":true,"href":"https:\/\/store.handsomecake.com\/en\/wp-json\/wp\/v2\/product_tag?post=10724"}],"curies":[{"name":"wp","href":"https:\/\/api.w.org\/{rel}","templated":true}]}}