{"id":10644,"date":"2022-04-08T18:05:07","date_gmt":"2022-04-08T18:05:07","guid":{"rendered":"https:\/\/store.handsomecake.com\/product\/one-piece-enel-resin-statue-von-last-sleep-studios\/"},"modified":"2024-06-12T15:08:34","modified_gmt":"2024-06-12T15:08:34","slug":"one-piece-enel-resin-statue-von-last-sleep-studios","status":"publish","type":"product","link":"https:\/\/store.handsomecake.com\/en\/product\/one-piece-enel-resin-statue-von-last-sleep-studios\/","title":{"rendered":"One Piece &#8211; Enel | Resin Statue | von Last Sleep Studios"},"content":{"rendered":"<p>One Piece &#8211; Enel | 1:4 &#8211; 1:6 Resin Statue |\u00a0von Last Sleep Studios<br \/>\nI do ship EU-wide, please contact me, should questions arise.<\/p>\n<p>Tolle Statue des Elektrizit\u00e4tsgottes<br \/>\nWunderbar verarbeitete und sehr detaillierte Enel Statue aus Polystone &#8211; k\u00fcnstlichem Stein-Harz-Gemisch.<\/p>\n<p><strong>Besonderheiten:<\/strong><\/p>\n<ul>\n<li>Es gibt insgesamt 3 Versionen: gro\u00dfer Sockel (S-Version), 1:4 und 1:6 sowie kleiner Sockel (A-Version)<\/li>\n<li>168 St\u00fcck weltweit f\u00fcr 1:4 Version S<\/li>\n<li>228 St\u00fcck weltweit f\u00fcr 1:6 Version S<\/li>\n<li>288 St\u00fcck weltweit f\u00fcr 1:6 Version A<\/li>\n<\/ul>\n<p><strong>Release-Status:<\/strong><\/p>\n<ul>\n<li>Vorbestellung, Release erwartet Ende Q4 2023, Collectible bei uns im Lager sch\u00e4tzungsweise Ende Februar 2024.<\/li>\n<\/ul>\n<p><strong>Preis:<\/strong><\/p>\n<ul>\n<li>S 1:4 &#8211; 1.630 \u20ac<\/li>\n<li>S 1:6 &#8211; 1.000 \u20ac<\/li>\n<li>A 1:6 &#8211; 630 \u20ac<\/li>\n<\/ul>\n<p>Wie immer bei meinen Artikeln &#8211; s\u00e4mtliche Geb\u00fchren sind, im Gegensatz zu anderen Angeboten, bereits inkludiert. Versand erfolgt ausschlie\u00dflich aus Deutschland, es fallen keine Zoll- und Importgeb\u00fchren an. Ihr kauft keine Katze im Sack \ud83d\ude42<\/p>\n<p>Ma\u00dfe der Statue:<br \/>\nGr\u00f6\u00dfe:<br \/>\nS 1:4 &#8211; ca. H64cm x W57cm x D70cm<br \/>\nS 1:6 &#8211; ca. H41cm x W38cm x D48cm<br \/>\nA 1:6 &#8211; ca. H31cm x W23cm x D37cm<br \/>\nGewicht: TBA<br \/>\nS 1:4 gesch\u00e4tzt 26kg<br \/>\nS 1:6 gesch\u00e4tzt 16kg<br \/>\nA 1:6 gesch\u00e4tzt 8kg<\/p>\n<p>You are not prepared! \ud83d\ude42<\/p>","protected":false},"excerpt":{"rendered":"<p>One Piece &#8211; Enel | 1:4 &#8211; 1:6 Resin Statue |\u00a0von Last Sleep Studios I do ship EU-wide, please contact me, should questions arise. Tolle Statue des Elektrizit\u00e4tsgottes Wunderbar verarbeitete und sehr detaillierte Enel Statue aus Polystone &#8211; k\u00fcnstlichem Stein-Harz-Gemisch. Besonderheiten: Es gibt insgesamt 3 Versionen: gro\u00dfer Sockel (S-Version), 1:4 und 1:6 sowie kleiner Sockel [&hellip;]<\/p>\n","protected":false},"featured_media":10645,"comment_status":"closed","ping_status":"closed","template":"","meta":[],"product_brand":[],"product_cat":[89,568,84],"product_tag":[],"class_list":{"0":"post-10644","1":"product","2":"type-product","3":"status-publish","4":"has-post-thumbnail","6":"product_cat-one-piece","7":"product_cat-preorder","8":"product_cat-statuen-anime-comic-universum","9":"pa_brand-las-sleep-studio","10":"pa_scale-1_to_4","11":"pa_scale-1_to_6","13":"first","14":"outofstock","15":"taxable","16":"shipping-taxable","17":"product-type-variable"},"_links":{"self":[{"href":"https:\/\/store.handsomecake.com\/en\/wp-json\/wp\/v2\/product\/10644","targetHints":{"allow":["GET"]}}],"collection":[{"href":"https:\/\/store.handsomecake.com\/en\/wp-json\/wp\/v2\/product"}],"about":[{"href":"https:\/\/store.handsomecake.com\/en\/wp-json\/wp\/v2\/types\/product"}],"replies":[{"embeddable":true,"href":"https:\/\/store.handsomecake.com\/en\/wp-json\/wp\/v2\/comments?post=10644"}],"wp:featuredmedia":[{"embeddable":true,"href":"https:\/\/store.handsomecake.com\/en\/wp-json\/wp\/v2\/media\/10645"}],"wp:attachment":[{"href":"https:\/\/store.handsomecake.com\/en\/wp-json\/wp\/v2\/media?parent=10644"}],"wp:term":[{"taxonomy":"product_brand","embeddable":true,"href":"https:\/\/store.handsomecake.com\/en\/wp-json\/wp\/v2\/product_brand?post=10644"},{"taxonomy":"product_cat","embeddable":true,"href":"https:\/\/store.handsomecake.com\/en\/wp-json\/wp\/v2\/product_cat?post=10644"},{"taxonomy":"product_tag","embeddable":true,"href":"https:\/\/store.handsomecake.com\/en\/wp-json\/wp\/v2\/product_tag?post=10644"}],"curies":[{"name":"wp","href":"https:\/\/api.w.org\/{rel}","templated":true}]}}