{"id":1064,"date":"2020-10-20T19:17:35","date_gmt":"2020-10-20T19:17:35","guid":{"rendered":"https:\/\/store.handsomecake.com\/product\/dragon-ball-z-son-goku-vom-mist-time-studio-14-16-resin-statue\/"},"modified":"2024-06-12T14:31:16","modified_gmt":"2024-06-12T14:31:16","slug":"dragon-ball-z-son-goku-vom-mist-time-studio-14-16-resin-statue","status":"publish","type":"product","link":"https:\/\/store.handsomecake.com\/en\/product\/dragon-ball-z-son-goku-vom-mist-time-studio-14-16-resin-statue\/","title":{"rendered":"Dragon Ball Z | Son Goku vom Mist Time Studio | 1:4 \/ 1:6 Resin Statue"},"content":{"rendered":"<p>Dragon Ball Z &#8211; Son Goku &#8218; Resin Statuen vom vom Mist Time Studio.<\/p>\n<p>I do ship EU-wide, please contact me, should questions arise.<\/p>\n<p>Ein Moloch von einer Dragon Ball Z Son Goku Statue (52.4kg die 1:4 Variante!)<\/p>\n<p>Wunderbar verarbeitete und sehr detaillierte Son Goku Statue aus Polystone &#8211; k\u00fcnstlichem Stein-Harz-Gemisch.<\/p>\n<p>Besonderheiten:<\/p>\n<p>* keine<\/p>\n<p>Wie immer bei meinen Aktionen &#8211; s\u00e4mtliche Geb\u00fchren sind, im Gegensatz zu anderen Angeboten, bereits inkludiert. Versand erfolgt ausschlie\u00dflich aus Deutschland, es fallen keine Zoll- und Importgeb\u00fchren an. Ihr kauft keine Katze im Sack \ud83d\ude42<\/p>\n<p>Ma\u00dfe der Statuen:<br \/>\n1:4 &#8211; 52.4kg, H80*W70*D79cm<br \/>\n1:6 &#8211; 38.6kg, H60*W50*D56cm<\/p>\n<p>You are not prepared! \ud83d\ude42<\/p>","protected":false},"excerpt":{"rendered":"<p>Dragon Ball Z &#8211; Son Goku &#8218; Resin Statuen vom vom Mist Time Studio. I do ship EU-wide, please contact me, should questions arise. Ein Moloch von einer Dragon Ball Z Son Goku Statue (52.4kg die 1:4 Variante!) Wunderbar verarbeitete und sehr detaillierte Son Goku Statue aus Polystone &#8211; k\u00fcnstlichem Stein-Harz-Gemisch. Besonderheiten: * keine Wie [&hellip;]<\/p>\n","protected":false},"featured_media":1067,"comment_status":"closed","ping_status":"closed","template":"","meta":[],"product_brand":[],"product_cat":[87,84],"product_tag":[147,231,190,191,171,97,154,136,137],"class_list":{"0":"post-1064","1":"product","2":"type-product","3":"status-publish","4":"has-post-thumbnail","6":"product_cat-dragon-ball","7":"product_cat-statuen-anime-comic-universum","8":"product_tag-collectibles","9":"product_tag-dragon","10":"product_tag-dragon-ball-collectibles","11":"product_tag-dragon-ball-resin","12":"product_tag-dragon-ball-son-goku","13":"product_tag-dragon-ball-statue","14":"product_tag-resin-collectibles","15":"product_tag-resin-statuen","16":"product_tag-resin-statuen-kaufen","17":"pa_brand-miss-time-studio","19":"first","20":"instock","21":"product-type-variable"},"_links":{"self":[{"href":"https:\/\/store.handsomecake.com\/en\/wp-json\/wp\/v2\/product\/1064","targetHints":{"allow":["GET"]}}],"collection":[{"href":"https:\/\/store.handsomecake.com\/en\/wp-json\/wp\/v2\/product"}],"about":[{"href":"https:\/\/store.handsomecake.com\/en\/wp-json\/wp\/v2\/types\/product"}],"replies":[{"embeddable":true,"href":"https:\/\/store.handsomecake.com\/en\/wp-json\/wp\/v2\/comments?post=1064"}],"wp:featuredmedia":[{"embeddable":true,"href":"https:\/\/store.handsomecake.com\/en\/wp-json\/wp\/v2\/media\/1067"}],"wp:attachment":[{"href":"https:\/\/store.handsomecake.com\/en\/wp-json\/wp\/v2\/media?parent=1064"}],"wp:term":[{"taxonomy":"product_brand","embeddable":true,"href":"https:\/\/store.handsomecake.com\/en\/wp-json\/wp\/v2\/product_brand?post=1064"},{"taxonomy":"product_cat","embeddable":true,"href":"https:\/\/store.handsomecake.com\/en\/wp-json\/wp\/v2\/product_cat?post=1064"},{"taxonomy":"product_tag","embeddable":true,"href":"https:\/\/store.handsomecake.com\/en\/wp-json\/wp\/v2\/product_tag?post=1064"}],"curies":[{"name":"wp","href":"https:\/\/api.w.org\/{rel}","templated":true}]}}