{"id":10618,"date":"2022-04-08T13:09:50","date_gmt":"2022-04-08T13:09:50","guid":{"rendered":"https:\/\/store.handsomecake.com\/product\/one-piece-boa-hancock-14-resin-statue-von-puffer-studio\/"},"modified":"2025-09-05T23:27:30","modified_gmt":"2025-09-05T23:27:30","slug":"one-piece-boa-hancock-14-resin-statue-von-puffer-studio","status":"publish","type":"product","link":"https:\/\/store.handsomecake.com\/en\/product\/one-piece-boa-hancock-14-resin-statue-von-puffer-studio\/","title":{"rendered":"One Piece &#8211; Boa Hancock | 1:4 Resin Statue | von Puffer Studio"},"content":{"rendered":"<p>One Piece &#8211; Boa Hancock |\u00a01:6 Resin Statue |\u00a0von Puffer Studio<br \/>\nEU Taxfree! I do ship EU-wide, please contact me, should questions arise.<\/p>\n<p>Tolle Statue des Kapit\u00e4ns der Kuja Piraten<br \/>\nWunderbar verarbeitete und sehr detaillierte Statue von Boa aus Polystone &#8211; k\u00fcnstlichem Stein-Harz-Gemisch.<\/p>\n<p><strong>Besonderheiten:<\/strong><\/p>\n<ul>\n<li>EX Version mit einem zus\u00e4tzlichen nackten Oberk\u00f6rper<\/li>\n<li>weltweit 230 St\u00fcck<\/li>\n<\/ul>\n<p><strong>Release-Status:<\/strong><\/p>\n<ul>\n<li>Preorder. Release ca. Q4 2022 erwartet, bei uns im Lager voraussichtlich Ende Februar 2023.<\/li>\n<\/ul>\n<p>Wie immer bei meinen Artikeln &#8211; s\u00e4mtliche Geb\u00fchren sind, im Gegensatz zu anderen Angeboten, bereits inkludiert. Versand erfolgt ausschlie\u00dflich aus Deutschland, es fallen keine Zoll- und Importgeb\u00fchren an. Ihr kauft keine Katze im Sack \ud83d\ude42<\/p>\n<p>Ma\u00dfe der Statue:<br \/>\nGr\u00f6\u00dfe: ca. 56cm x 33cm x 34cm<br \/>\nGewicht: ca. 14kg (gesch\u00e4tzt)<\/p>\n<p>You are not prepared! \ud83d\ude42<\/p>","protected":false},"excerpt":{"rendered":"<p>One Piece &#8211; Boa Hancock |\u00a01:6 Resin Statue |\u00a0von Puffer Studio EU Taxfree! I do ship EU-wide, please contact me, should questions arise. Tolle Statue des Kapit\u00e4ns der Kuja Piraten Wunderbar verarbeitete und sehr detaillierte Statue von Boa aus Polystone &#8211; k\u00fcnstlichem Stein-Harz-Gemisch. Besonderheiten: EX Version mit einem zus\u00e4tzlichen nackten Oberk\u00f6rper weltweit 230 St\u00fcck Release-Status: [&hellip;]<\/p>\n","protected":false},"featured_media":10623,"comment_status":"closed","ping_status":"closed","template":"","meta":[],"product_brand":[],"product_cat":[89,568,84],"product_tag":[612,666,717,794,662,640,658,923,924,925,479,147,251,795,927,164,502,165,154,255,136,137,379,381,552,665,380,382,547,718],"class_list":{"0":"post-10618","1":"product","2":"type-product","3":"status-publish","4":"has-post-thumbnail","6":"product_cat-one-piece","7":"product_cat-preorder","8":"product_cat-statuen-anime-comic-universum","9":"product_tag-anime","10":"product_tag-anime-figuren-shop","11":"product_tag-anime-shop","12":"product_tag-anime-statue","13":"product_tag-anime-statue-shop","14":"product_tag-anime-statuen","15":"product_tag-anime-toys","16":"product_tag-boa-hancock","17":"product_tag-boa-hancock-collectible","18":"product_tag-boa-hancock-statue","19":"product_tag-collectible","20":"product_tag-collectibles","21":"product_tag-collectibles-kaufen","22":"product_tag-handsomecake","23":"product_tag-one-piece-boa-hancock","24":"product_tag-one-piece-collectibles","25":"product_tag-one-piece-resin","26":"product_tag-one-piece-statue","27":"product_tag-resin-collectibles","28":"product_tag-resin-collectibles-kaufen","29":"product_tag-resin-statuen","30":"product_tag-resin-statuen-kaufen","31":"product_tag-statue-collectible","32":"product_tag-statue-collectibles","33":"product_tag-statue-collector","34":"product_tag-statuen-shop","35":"product_tag-statues-collectible","36":"product_tag-statues-collectibles","37":"product_tag-statues-collector","38":"product_tag-toys","39":"pa_brand-puffer-studio","40":"pa_scale-1_to_4","42":"first","43":"instock","44":"taxable","45":"shipping-taxable","46":"product-type-variable"},"_links":{"self":[{"href":"https:\/\/store.handsomecake.com\/en\/wp-json\/wp\/v2\/product\/10618","targetHints":{"allow":["GET"]}}],"collection":[{"href":"https:\/\/store.handsomecake.com\/en\/wp-json\/wp\/v2\/product"}],"about":[{"href":"https:\/\/store.handsomecake.com\/en\/wp-json\/wp\/v2\/types\/product"}],"replies":[{"embeddable":true,"href":"https:\/\/store.handsomecake.com\/en\/wp-json\/wp\/v2\/comments?post=10618"}],"wp:featuredmedia":[{"embeddable":true,"href":"https:\/\/store.handsomecake.com\/en\/wp-json\/wp\/v2\/media\/10623"}],"wp:attachment":[{"href":"https:\/\/store.handsomecake.com\/en\/wp-json\/wp\/v2\/media?parent=10618"}],"wp:term":[{"taxonomy":"product_brand","embeddable":true,"href":"https:\/\/store.handsomecake.com\/en\/wp-json\/wp\/v2\/product_brand?post=10618"},{"taxonomy":"product_cat","embeddable":true,"href":"https:\/\/store.handsomecake.com\/en\/wp-json\/wp\/v2\/product_cat?post=10618"},{"taxonomy":"product_tag","embeddable":true,"href":"https:\/\/store.handsomecake.com\/en\/wp-json\/wp\/v2\/product_tag?post=10618"}],"curies":[{"name":"wp","href":"https:\/\/api.w.org\/{rel}","templated":true}]}}