{"id":10613,"date":"2022-04-08T13:09:00","date_gmt":"2022-04-08T13:09:00","guid":{"rendered":"https:\/\/store.handsomecake.com\/product\/dragon-ball-android-18-16-resin-statue-von-onew-studio\/"},"modified":"2025-09-04T23:27:16","modified_gmt":"2025-09-04T23:27:16","slug":"dragon-ball-android-18-16-resin-statue-von-onew-studio","status":"publish","type":"product","link":"https:\/\/store.handsomecake.com\/en\/product\/dragon-ball-android-18-16-resin-statue-von-onew-studio\/","title":{"rendered":"Dragon Ball &#8211; Android 18 | 1:6 Resin Statue | von OneW Studio"},"content":{"rendered":"<p>Dragon Ball &#8211; Android 18 |\u00a01:6 Resin Statue |\u00a0von OneW Studio<br \/>\nI do ship EU-wide, please contact me, should questions arise.<\/p>\n<p>Tolle Statue der sp\u00e4teren Ehefrau von Krillin \ud83d\ude42<br \/>\nWunderbar verarbeitete und sehr detaillierte Android 18 Statue aus Polystone &#8211; k\u00fcnstlichem Stein-Harz-Gemisch.<\/p>\n<p><strong>Besonderheiten:<\/strong><\/p>\n<ul>\n<li>2 austauschbare K\u00f6rper (angezogene und nackte Variante)<\/li>\n<li>99 St\u00fcck weltweit<\/li>\n<\/ul>\n<p><strong>Release-Status:<\/strong><\/p>\n<ul>\n<li>Preorder. Statue wird voraussichtlich Q3 2022 released, wir erwarten sie im Lager sch\u00e4tzungsweise Ende November 2022.<\/li>\n<\/ul>\n<p>Wie immer bei meinen Artikeln &#8211; s\u00e4mtliche Geb\u00fchren sind, im Gegensatz zu anderen Angeboten, bereits inkludiert. Versand erfolgt ausschlie\u00dflich aus Deutschland, es fallen keine Zoll- und Importgeb\u00fchren an. Ihr kauft keine Katze im Sack \ud83d\ude42<\/p>\n<p>Ma\u00dfe der Statue:<br \/>\nGr\u00f6\u00dfe: ca. 37cm x 27cm x 25cm<br \/>\nGewicht: ca. 6kg<\/p>\n<p>You are not prepared! \ud83d\ude42<\/p>","protected":false},"excerpt":{"rendered":"<p>Dragon Ball &#8211; Android 18 |\u00a01:6 Resin Statue |\u00a0von OneW Studio I do ship EU-wide, please contact me, should questions arise. Tolle Statue der sp\u00e4teren Ehefrau von Krillin \ud83d\ude42 Wunderbar verarbeitete und sehr detaillierte Android 18 Statue aus Polystone &#8211; k\u00fcnstlichem Stein-Harz-Gemisch. Besonderheiten: 2 austauschbare K\u00f6rper (angezogene und nackte Variante) 99 St\u00fcck weltweit Release-Status: Preorder. [&hellip;]<\/p>\n","protected":false},"featured_media":10614,"comment_status":"closed","ping_status":"closed","template":"","meta":[],"product_brand":[],"product_cat":[87,568,84],"product_tag":[259,261,920,922,612,663,666,717,794,662,640,658,479,147,251,738,918,190,191,97,795,154,136,137,379,381,552,380,547,718],"class_list":{"0":"post-10613","1":"product","2":"type-product","3":"status-publish","4":"has-post-thumbnail","6":"product_cat-dragon-ball","7":"product_cat-preorder","8":"product_cat-statuen-anime-comic-universum","9":"product_tag-android-18","10":"product_tag-android-18-collectible","11":"product_tag-android-18-figur","12":"product_tag-android-18-toys","13":"product_tag-anime","14":"product_tag-anime-figur-shop","15":"product_tag-anime-figuren-shop","16":"product_tag-anime-shop","17":"product_tag-anime-statue","18":"product_tag-anime-statue-shop","19":"product_tag-anime-statuen","20":"product_tag-anime-toys","21":"product_tag-collectible","22":"product_tag-collectibles","23":"product_tag-collectibles-kaufen","24":"product_tag-dragon-ball","25":"product_tag-dragon-ball-android-18","26":"product_tag-dragon-ball-collectibles","27":"product_tag-dragon-ball-resin","28":"product_tag-dragon-ball-statue","29":"product_tag-handsomecake","30":"product_tag-resin-collectibles","31":"product_tag-resin-statuen","32":"product_tag-resin-statuen-kaufen","33":"product_tag-statue-collectible","34":"product_tag-statue-collectibles","35":"product_tag-statue-collector","36":"product_tag-statues-collectible","37":"product_tag-statues-collector","38":"product_tag-toys","39":"pa_brand-one-w-studio","40":"pa_scale-1_to_6","42":"first","43":"instock","44":"taxable","45":"shipping-taxable","46":"product-type-variable"},"_links":{"self":[{"href":"https:\/\/store.handsomecake.com\/en\/wp-json\/wp\/v2\/product\/10613","targetHints":{"allow":["GET"]}}],"collection":[{"href":"https:\/\/store.handsomecake.com\/en\/wp-json\/wp\/v2\/product"}],"about":[{"href":"https:\/\/store.handsomecake.com\/en\/wp-json\/wp\/v2\/types\/product"}],"replies":[{"embeddable":true,"href":"https:\/\/store.handsomecake.com\/en\/wp-json\/wp\/v2\/comments?post=10613"}],"wp:featuredmedia":[{"embeddable":true,"href":"https:\/\/store.handsomecake.com\/en\/wp-json\/wp\/v2\/media\/10614"}],"wp:attachment":[{"href":"https:\/\/store.handsomecake.com\/en\/wp-json\/wp\/v2\/media?parent=10613"}],"wp:term":[{"taxonomy":"product_brand","embeddable":true,"href":"https:\/\/store.handsomecake.com\/en\/wp-json\/wp\/v2\/product_brand?post=10613"},{"taxonomy":"product_cat","embeddable":true,"href":"https:\/\/store.handsomecake.com\/en\/wp-json\/wp\/v2\/product_cat?post=10613"},{"taxonomy":"product_tag","embeddable":true,"href":"https:\/\/store.handsomecake.com\/en\/wp-json\/wp\/v2\/product_tag?post=10613"}],"curies":[{"name":"wp","href":"https:\/\/api.w.org\/{rel}","templated":true}]}}