{"id":10605,"date":"2022-04-08T13:07:58","date_gmt":"2022-04-08T13:07:58","guid":{"rendered":"https:\/\/store.handsomecake.com\/product\/one-piece-nico-robin-16-resin-statue-von-mr-j-studio\/"},"modified":"2024-06-12T15:08:30","modified_gmt":"2024-06-12T15:08:30","slug":"one-piece-nico-robin-16-resin-statue-von-mr-j-studio","status":"publish","type":"product","link":"https:\/\/store.handsomecake.com\/en\/product\/one-piece-nico-robin-16-resin-statue-von-mr-j-studio\/","title":{"rendered":"One Piece &#8211; Nico Robin | 1:6 Resin Statue | von MR J Studio"},"content":{"rendered":"<p>One Piece &#8211; Nico Robin | 1:6 Resin Statue |\u00a0von MR J Studio<br \/>\nI do ship EU-wide, please contact me, should questions arise.<\/p>\n<p>Tolle Statue unserer geliebten Arch\u00e4ologin<br \/>\nWunderbar verarbeitete und sehr detaillierte Nico Robin Statue aus der &#8222;on the Beach&#8220;-Serie aus Polystone &#8211; k\u00fcnstlichem Stein-Harz-Gemisch.<\/p>\n<p><strong>Besonderheiten:<\/strong><\/p>\n<ul>\n<li>Oberk\u00f6rper kann nackt sein<\/li>\n<li>Bitte bei der Bestellung die Kleidervariante angeben<\/li>\n<li>weltweit 200 St\u00fcck<\/li>\n<\/ul>\n<p><strong>Release-Status:<\/strong><\/p>\n<ul>\n<li>Preorder. Statue wird voraussichtlich Q2 2022 erscheinen, wir erwarten sie also sch\u00e4tzungsweise Ende August 2022 im Lager.<\/li>\n<\/ul>\n<p>Wie immer bei meinen Artikeln &#8211; s\u00e4mtliche Geb\u00fchren sind, im Gegensatz zu anderen Angeboten, bereits inkludiert. Versand erfolgt ausschlie\u00dflich aus Deutschland, es fallen keine Zoll- und Importgeb\u00fchren an. Ihr kauft keine Katze im Sack \ud83d\ude42<\/p>\n<p>Ma\u00dfe der Statue:<br \/>\nGr\u00f6\u00dfe: ca. 34cm x 12.5cm x 14cm<br \/>\nGewicht: 6 kg<\/p>\n<p>You are not prepared! \ud83d\ude42<\/p>","protected":false},"excerpt":{"rendered":"<p>One Piece &#8211; Nico Robin | 1:6 Resin Statue |\u00a0von MR J Studio I do ship EU-wide, please contact me, should questions arise. Tolle Statue unserer geliebten Arch\u00e4ologin Wunderbar verarbeitete und sehr detaillierte Nico Robin Statue aus der &#8222;on the Beach&#8220;-Serie aus Polystone &#8211; k\u00fcnstlichem Stein-Harz-Gemisch. Besonderheiten: Oberk\u00f6rper kann nackt sein Bitte bei der Bestellung [&hellip;]<\/p>\n","protected":false},"featured_media":10606,"comment_status":"closed","ping_status":"closed","template":"","meta":[],"product_brand":[],"product_cat":[89,568,84],"product_tag":[612,666,717,794,662,640,658,479,147,251,795,1299,1300,1301,164,1302,502,165,154,255,136,137,379,381,552,665,380,382,547,718],"class_list":{"0":"post-10605","1":"product","2":"type-product","3":"status-publish","4":"has-post-thumbnail","6":"product_cat-one-piece","7":"product_cat-preorder","8":"product_cat-statuen-anime-comic-universum","9":"product_tag-anime","10":"product_tag-anime-figuren-shop","11":"product_tag-anime-shop","12":"product_tag-anime-statue","13":"product_tag-anime-statue-shop","14":"product_tag-anime-statuen","15":"product_tag-anime-toys","16":"product_tag-collectible","17":"product_tag-collectibles","18":"product_tag-collectibles-kaufen","19":"product_tag-handsomecake","20":"product_tag-nico-robin","21":"product_tag-nico-robin-collectible","22":"product_tag-nico-robin-statue","23":"product_tag-one-piece-collectibles","24":"product_tag-one-piece-nico-robin","25":"product_tag-one-piece-resin","26":"product_tag-one-piece-statue","27":"product_tag-resin-collectibles","28":"product_tag-resin-collectibles-kaufen","29":"product_tag-resin-statuen","30":"product_tag-resin-statuen-kaufen","31":"product_tag-statue-collectible","32":"product_tag-statue-collectibles","33":"product_tag-statue-collector","34":"product_tag-statuen-shop","35":"product_tag-statues-collectible","36":"product_tag-statues-collectibles","37":"product_tag-statues-collector","38":"product_tag-toys","39":"pa_brand-mr-j-studio","40":"pa_scale-1_to_6","42":"first","43":"outofstock","44":"taxable","45":"shipping-taxable","46":"product-type-variable"},"_links":{"self":[{"href":"https:\/\/store.handsomecake.com\/en\/wp-json\/wp\/v2\/product\/10605","targetHints":{"allow":["GET"]}}],"collection":[{"href":"https:\/\/store.handsomecake.com\/en\/wp-json\/wp\/v2\/product"}],"about":[{"href":"https:\/\/store.handsomecake.com\/en\/wp-json\/wp\/v2\/types\/product"}],"replies":[{"embeddable":true,"href":"https:\/\/store.handsomecake.com\/en\/wp-json\/wp\/v2\/comments?post=10605"}],"wp:featuredmedia":[{"embeddable":true,"href":"https:\/\/store.handsomecake.com\/en\/wp-json\/wp\/v2\/media\/10606"}],"wp:attachment":[{"href":"https:\/\/store.handsomecake.com\/en\/wp-json\/wp\/v2\/media?parent=10605"}],"wp:term":[{"taxonomy":"product_brand","embeddable":true,"href":"https:\/\/store.handsomecake.com\/en\/wp-json\/wp\/v2\/product_brand?post=10605"},{"taxonomy":"product_cat","embeddable":true,"href":"https:\/\/store.handsomecake.com\/en\/wp-json\/wp\/v2\/product_cat?post=10605"},{"taxonomy":"product_tag","embeddable":true,"href":"https:\/\/store.handsomecake.com\/en\/wp-json\/wp\/v2\/product_tag?post=10605"}],"curies":[{"name":"wp","href":"https:\/\/api.w.org\/{rel}","templated":true}]}}