{"id":10602,"date":"2022-04-07T19:22:49","date_gmt":"2022-04-07T19:22:49","guid":{"rendered":"https:\/\/store.handsomecake.com\/product\/final-fantasy-sephiroth-14-resin-statue-von-corgiprogkit-ft-dtalon\/"},"modified":"2026-04-27T14:33:18","modified_gmt":"2026-04-27T14:33:18","slug":"final-fantasy-sephiroth-14-resin-statue-von-corgiprogkit-ft-dtalon","status":"publish","type":"product","link":"https:\/\/store.handsomecake.com\/en\/product\/final-fantasy-sephiroth-14-resin-statue-von-corgiprogkit-ft-dtalon\/","title":{"rendered":"Final Fantasy &#8211; Sephiroth | 1:4 Resin Statue | von CorgiProgKit ft. DTalon"},"content":{"rendered":"<p>Final Fantasy &#8211; Sephiroth |\u00a01:4 Resin Statue | von CorgiProgKit ft. DTalon Studios<br \/>\nEU Taxfree! I do ship EU-wide, please contact me, should questions arise.<\/p>\n<p>Tolle Statue des charismatischen Antagonisten aus Final Fantasy 7<br \/>\nWunderbar verarbeitete und sehr detaillierte Sephiroth aus Polystone &#8211; k\u00fcnstlichem Stein-Harz-Gemisch.<\/p>\n<p><strong>Besonderheiten:<\/strong><\/p>\n<ul>\n<li>keine<\/li>\n<li>ES: TBA<\/li>\n<\/ul>\n<p><strong>Release-Status:<\/strong><\/p>\n<ul>\n<li>Preorder. Statue wird voraussichtlich in Q1 2023 released und wir erwarten sie sch\u00e4tzungsweise Ende Mai 2023 in unserem Lager.<\/li>\n<\/ul>\n<p>Wie immer bei meinen Artikeln &#8211; s\u00e4mtliche Geb\u00fchren sind, im Gegensatz zu anderen Angeboten, bereits inkludiert. Versand erfolgt ausschlie\u00dflich aus Deutschland, es fallen keine Zoll- und Importgeb\u00fchren an. Ihr kauft keine Katze im Sack \ud83d\ude42<\/p>\n<p>Ma\u00dfe der Statue:<br \/>\nGr\u00f6\u00dfe: H100cm x W67cm x D43cm<br \/>\nGewicht: TBA, gesch\u00e4tzt: ca. 22 kg<\/p>\n<p>You are not prepared! \ud83d\ude42<\/p>","protected":false},"excerpt":{"rendered":"<p>Final Fantasy &#8211; Sephiroth |\u00a01:4 Resin Statue | von CorgiProgKit ft. DTalon Studios EU Taxfree! I do ship EU-wide, please contact me, should questions arise. Tolle Statue des charismatischen Antagonisten aus Final Fantasy 7 Wunderbar verarbeitete und sehr detaillierte Sephiroth aus Polystone &#8211; k\u00fcnstlichem Stein-Harz-Gemisch. Besonderheiten: keine ES: TBA Release-Status: Preorder. Statue wird voraussichtlich in [&hellip;]<\/p>\n","protected":false},"featured_media":10603,"comment_status":"closed","ping_status":"closed","template":"","meta":[],"product_brand":[],"product_cat":[197,568,81],"product_tag":[612,666,794,662,640,658,147,251,1269,198,201,199,822,823,1271,200,795,154,136,137,1268,1272,1270,379,381,665,380,382,718],"class_list":{"0":"post-10602","1":"product","2":"type-product","3":"status-publish","4":"has-post-thumbnail","6":"product_cat-final-fantasy","7":"product_cat-preorder","8":"product_cat-statuen-computerspieluniversum","9":"product_tag-anime","10":"product_tag-anime-figuren-shop","11":"product_tag-anime-statue","12":"product_tag-anime-statue-shop","13":"product_tag-anime-statuen","14":"product_tag-anime-toys","15":"product_tag-collectibles","16":"product_tag-collectibles-kaufen","17":"product_tag-ff7-sephiroth","18":"product_tag-final-fantasy","19":"product_tag-final-fantasy-7-remake","20":"product_tag-final-fantasy-collectibles","21":"product_tag-final-fantasy-resin","22":"product_tag-final-fantasy-resin-statue","23":"product_tag-final-fantasy-sephiroth","24":"product_tag-final-fantasy-statuen","25":"product_tag-handsomecake","26":"product_tag-resin-collectibles","27":"product_tag-resin-statuen","28":"product_tag-resin-statuen-kaufen","29":"product_tag-sephiroth","30":"product_tag-sephiroth-collectible","31":"product_tag-sephiroth-statue","32":"product_tag-statue-collectible","33":"product_tag-statue-collectibles","34":"product_tag-statuen-shop","35":"product_tag-statues-collectible","36":"product_tag-statues-collectibles","37":"product_tag-toys","38":"pa_brand-corgi-progi-kit-studio","39":"pa_brand-dtalon-studio","40":"pa_scale-1_to_4","42":"first","43":"instock","44":"taxable","45":"shipping-taxable","46":"product-type-variable"},"_links":{"self":[{"href":"https:\/\/store.handsomecake.com\/en\/wp-json\/wp\/v2\/product\/10602","targetHints":{"allow":["GET"]}}],"collection":[{"href":"https:\/\/store.handsomecake.com\/en\/wp-json\/wp\/v2\/product"}],"about":[{"href":"https:\/\/store.handsomecake.com\/en\/wp-json\/wp\/v2\/types\/product"}],"replies":[{"embeddable":true,"href":"https:\/\/store.handsomecake.com\/en\/wp-json\/wp\/v2\/comments?post=10602"}],"wp:featuredmedia":[{"embeddable":true,"href":"https:\/\/store.handsomecake.com\/en\/wp-json\/wp\/v2\/media\/10603"}],"wp:attachment":[{"href":"https:\/\/store.handsomecake.com\/en\/wp-json\/wp\/v2\/media?parent=10602"}],"wp:term":[{"taxonomy":"product_brand","embeddable":true,"href":"https:\/\/store.handsomecake.com\/en\/wp-json\/wp\/v2\/product_brand?post=10602"},{"taxonomy":"product_cat","embeddable":true,"href":"https:\/\/store.handsomecake.com\/en\/wp-json\/wp\/v2\/product_cat?post=10602"},{"taxonomy":"product_tag","embeddable":true,"href":"https:\/\/store.handsomecake.com\/en\/wp-json\/wp\/v2\/product_tag?post=10602"}],"curies":[{"name":"wp","href":"https:\/\/api.w.org\/{rel}","templated":true}]}}