{"id":10423,"date":"2022-03-25T16:52:30","date_gmt":"2022-03-25T16:52:30","guid":{"rendered":"https:\/\/store.handsomecake.com\/product\/street-fighter-chun-li-14-resin-statue-von-moonlight-studio\/"},"modified":"2024-06-12T15:07:21","modified_gmt":"2024-06-12T15:07:21","slug":"street-fighter-chun-li-14-resin-statue-von-moonlight-studio","status":"publish","type":"product","link":"https:\/\/store.handsomecake.com\/en\/product\/street-fighter-chun-li-14-resin-statue-von-moonlight-studio\/","title":{"rendered":"Street Fighter &#8211; Chun Li | 1:4 Resin Statue | von Moonlight Studio"},"content":{"rendered":"<p>Street Fighter &#8211; Chun Li &#8218; 1:4 Resin Statue &#8218; von Moonlight Studio<br \/>\nI do ship EU-wide, please contact me, should questions arise.<\/p>\n<p>Tolle Statue unserer geliebten Martial Arts K\u00e4mpferin<br \/>\nWunderbar verarbeitete und sehr detaillierte Chun Li Statue aus Polystone &#8211; k\u00fcnstlichem Stein-Harz-Gemisch.<\/p>\n<p><strong>Besonderheiten:<\/strong><\/p>\n<ul>\n<li>388 St\u00fcck weltweit<\/li>\n<\/ul>\n<p><strong>Release-Status:<\/strong><\/p>\n<ul>\n<li>Preorder. Statue wird voraussichtlich Q2 2023 released. Wir erwarten sie im Warenlager sch\u00e4tzungsweise Ende August 2023.<\/li>\n<\/ul>\n<p>Wie immer bei meinen Artikeln &#8211; s\u00e4mtliche Geb\u00fchren sind, im Gegensatz zu anderen Angeboten, bereits inkludiert. Versand erfolgt ausschlie\u00dflich aus Deutschland, es fallen keine Zoll- und Importgeb\u00fchren an. Ihr kauft keine Katze im Sack \ud83d\ude42<\/p>\n<p>Ma\u00dfe der Statue:<br \/>\nGr\u00f6\u00dfe: ca. 70cm x 28cm x 28cm<br \/>\nGewicht: ca. 12kg (gesch\u00e4tzt)<\/p>\n<p>You are not prepared! \ud83d\ude42<\/p>","protected":false},"excerpt":{"rendered":"<p>Street Fighter &#8211; Chun Li &#8218; 1:4 Resin Statue &#8218; von Moonlight Studio I do ship EU-wide, please contact me, should questions arise. Tolle Statue unserer geliebten Martial Arts K\u00e4mpferin Wunderbar verarbeitete und sehr detaillierte Chun Li Statue aus Polystone &#8211; k\u00fcnstlichem Stein-Harz-Gemisch. Besonderheiten: 388 St\u00fcck weltweit Release-Status: Preorder. Statue wird voraussichtlich Q2 2023 released. [&hellip;]<\/p>\n","protected":false},"featured_media":10443,"comment_status":"closed","ping_status":"closed","template":"","meta":[],"product_brand":[],"product_cat":[568,81,430],"product_tag":[],"class_list":{"0":"post-10423","1":"product","2":"type-product","3":"status-publish","4":"has-post-thumbnail","6":"product_cat-preorder","7":"product_cat-statuen-computerspieluniversum","8":"product_cat-street-fighter","9":"pa_brand-moonlight-studio","10":"pa_scale-1_to_4","12":"first","13":"instock","14":"taxable","15":"shipping-taxable","16":"product-type-variable"},"_links":{"self":[{"href":"https:\/\/store.handsomecake.com\/en\/wp-json\/wp\/v2\/product\/10423","targetHints":{"allow":["GET"]}}],"collection":[{"href":"https:\/\/store.handsomecake.com\/en\/wp-json\/wp\/v2\/product"}],"about":[{"href":"https:\/\/store.handsomecake.com\/en\/wp-json\/wp\/v2\/types\/product"}],"replies":[{"embeddable":true,"href":"https:\/\/store.handsomecake.com\/en\/wp-json\/wp\/v2\/comments?post=10423"}],"wp:featuredmedia":[{"embeddable":true,"href":"https:\/\/store.handsomecake.com\/en\/wp-json\/wp\/v2\/media\/10443"}],"wp:attachment":[{"href":"https:\/\/store.handsomecake.com\/en\/wp-json\/wp\/v2\/media?parent=10423"}],"wp:term":[{"taxonomy":"product_brand","embeddable":true,"href":"https:\/\/store.handsomecake.com\/en\/wp-json\/wp\/v2\/product_brand?post=10423"},{"taxonomy":"product_cat","embeddable":true,"href":"https:\/\/store.handsomecake.com\/en\/wp-json\/wp\/v2\/product_cat?post=10423"},{"taxonomy":"product_tag","embeddable":true,"href":"https:\/\/store.handsomecake.com\/en\/wp-json\/wp\/v2\/product_tag?post=10423"}],"curies":[{"name":"wp","href":"https:\/\/api.w.org\/{rel}","templated":true}]}}