{"id":1041,"date":"2020-10-16T12:56:19","date_gmt":"2020-10-16T12:56:19","guid":{"rendered":"https:\/\/store.handsomecake.com\/product\/world-of-warcraft-illidan-stormrage-sturmgrimm-statue-klippensitzhaltung\/"},"modified":"2024-07-17T11:10:15","modified_gmt":"2024-07-17T11:10:15","slug":"world-of-warcraft-illidan-stormrage-sturmgrimm-statue-klippensitzhaltung","status":"publish","type":"product","link":"https:\/\/store.handsomecake.com\/en\/product\/world-of-warcraft-illidan-stormrage-sturmgrimm-statue-klippensitzhaltung\/","title":{"rendered":"World of Warcraft &#8211; Illidan Stormrage (Sturmgrimm) |\u00a01:4 Resin Statue | vom CatFish Studio"},"content":{"rendered":"<p>World of Warcraft &#8211; Illidan Stormrage (Sturmgrimm) | 1:4 Resin Statue | vom CatFish Studio. Speditionsversand (34 kg)<\/p>\n<p>I do ship EU-wide, please contact me, should questions arise.<\/p>\n<p>Ein Moloch von einer World of Warcraft Illidan Statue<\/p>\n<p>Wunderbar verarbeitete und sehr detaillierte Illidan Stormrage (Sturmgrimm) Statue.<\/p>\n<p>Bei der Statue sind 2 Kopfvarianten dabei. W\u00e4hrend eine sogar gewisserma\u00dfen Joker \u00e4hnelt, ist die zweite eher nachdenklich und ernst.<\/p>\n<p>Wie immer bei meinen Aktionen &#8211; s\u00e4mtliche Geb\u00fchren sind, im Gegensatz zu anderen Angeboten, bereits inkludiert. Versand erfolgt ausschlie\u00dflich aus Deutschland, es fallen keine Zoll- und Importgeb\u00fchren an. Ihr kauft keine Katze im Sack \ud83d\ude42<\/p>\n<p>Ma\u00dfe der Statue:<br \/>\n71.5cm x 60cm x 45cm<br \/>\nGewicht:<br \/>\n34.0kg<\/p>\n<p>You are not prepared! \ud83d\ude42<\/p>","protected":false},"excerpt":{"rendered":"<p>World of Warcraft &#8211; Illidan Stormrage (Sturmgrimm) | 1:4 Resin Statue | vom CatFish Studio. Speditionsversand (34 kg) I do ship EU-wide, please contact me, should questions arise. Ein Moloch von einer World of Warcraft Illidan Statue Wunderbar verarbeitete und sehr detaillierte Illidan Stormrage (Sturmgrimm) Statue. Bei der Statue sind 2 Kopfvarianten dabei. W\u00e4hrend eine [&hellip;]<\/p>\n","protected":false},"featured_media":1042,"comment_status":"closed","ping_status":"closed","template":"","meta":[],"product_brand":[],"product_cat":[85,826,81,567],"product_tag":[147,223,139,138,154,136,137,131,224,104,103],"class_list":{"0":"post-1041","1":"product","2":"type-product","3":"status-publish","4":"has-post-thumbnail","6":"product_cat-warcraft","7":"product_cat-lagernd-vor-ort","8":"product_cat-statuen-computerspieluniversum","9":"product_cat-in_stock_warehouse_china","10":"product_tag-collectibles","11":"product_tag-illidan-statue","12":"product_tag-illidan-stormrage-resin","13":"product_tag-illidan-stormrage-statue","14":"product_tag-resin-collectibles","15":"product_tag-resin-statuen","16":"product_tag-resin-statuen-kaufen","17":"product_tag-warcraft-resin-statue","18":"product_tag-world-of-warcraft-collectibles","19":"product_tag-world-of-warcraft-statuen","20":"product_tag-wow-statuen","21":"pa_brand-cat-fish-studio","22":"pa_scale-1_to_4","24":"first","25":"instock","26":"sale","27":"taxable","28":"shipping-taxable","29":"product-type-simple"},"_links":{"self":[{"href":"https:\/\/store.handsomecake.com\/en\/wp-json\/wp\/v2\/product\/1041","targetHints":{"allow":["GET"]}}],"collection":[{"href":"https:\/\/store.handsomecake.com\/en\/wp-json\/wp\/v2\/product"}],"about":[{"href":"https:\/\/store.handsomecake.com\/en\/wp-json\/wp\/v2\/types\/product"}],"replies":[{"embeddable":true,"href":"https:\/\/store.handsomecake.com\/en\/wp-json\/wp\/v2\/comments?post=1041"}],"wp:featuredmedia":[{"embeddable":true,"href":"https:\/\/store.handsomecake.com\/en\/wp-json\/wp\/v2\/media\/1042"}],"wp:attachment":[{"href":"https:\/\/store.handsomecake.com\/en\/wp-json\/wp\/v2\/media?parent=1041"}],"wp:term":[{"taxonomy":"product_brand","embeddable":true,"href":"https:\/\/store.handsomecake.com\/en\/wp-json\/wp\/v2\/product_brand?post=1041"},{"taxonomy":"product_cat","embeddable":true,"href":"https:\/\/store.handsomecake.com\/en\/wp-json\/wp\/v2\/product_cat?post=1041"},{"taxonomy":"product_tag","embeddable":true,"href":"https:\/\/store.handsomecake.com\/en\/wp-json\/wp\/v2\/product_tag?post=1041"}],"curies":[{"name":"wp","href":"https:\/\/api.w.org\/{rel}","templated":true}]}}