{"id":10409,"date":"2022-03-24T16:20:40","date_gmt":"2022-03-24T16:20:40","guid":{"rendered":"https:\/\/store.handsomecake.com\/product\/neo-genesis-evangelion-asuka-langley-14-resin-statue-von-harem-studio\/"},"modified":"2024-06-12T15:07:02","modified_gmt":"2024-06-12T15:07:02","slug":"neo-genesis-evangelion-asuka-langley-14-resin-statue-von-harem-studio","status":"publish","type":"product","link":"https:\/\/store.handsomecake.com\/en\/product\/neo-genesis-evangelion-asuka-langley-14-resin-statue-von-harem-studio\/","title":{"rendered":"Neo Genesis Evangelion &#8211; Asuka Langley | 1:4 Resin Statue | von Harem Studio"},"content":{"rendered":"<p>Neo Genesis Evangelion &#8211; Asuka Langley &#8218; 1:4 Resin Statue &#8218; von Harem Studio<br \/>\nEU Taxfree! I do ship EU-wide, please contact me, should questions arise.<\/p>\n<p>Tolle Statue der tapferen Mechpilotin<br \/>\nWunderbar verarbeitete und sehr detaillierte Asuka Langley Statue aus Polystone &#8211; k\u00fcnstlichem Stein-Harz-Gemisch.<\/p>\n<p><strong>Besonderheiten:<\/strong><\/p>\n<ul>\n<li>Deluxe Version mit:\n<ul>\n<li>2 Sockeln<\/li>\n<li>2 austauschbaren K\u00f6pfen<\/li>\n<li>zweiter, nackter Oberk\u00f6rper ist ebenfalls dabei<\/li>\n<\/ul>\n<\/li>\n<li>188 St\u00fcck weltweit<\/li>\n<\/ul>\n<p><strong>Release-Status:<\/strong><\/p>\n<ul>\n<li>Preorder. Release sch\u00e4tzungsweise Q4 2022, bei uns im Lager voraussichtlich Ende Februar 2023.<\/li>\n<\/ul>\n<p>Wie immer bei meinen Artikeln &#8211; s\u00e4mtliche Geb\u00fchren sind, im Gegensatz zu anderen Angeboten, bereits inkludiert. Versand erfolgt ausschlie\u00dflich aus Deutschland, es fallen keine Zoll- und Importgeb\u00fchren an. Ihr kauft keine Katze im Sack \ud83d\ude42<\/p>\n<p>Ma\u00dfe der Statue:<br \/>\nGr\u00f6\u00dfe: ca. 47cm x 45cm x 28cm<br \/>\nGewicht: 15 kg<\/p>\n<p>You are not prepared! \ud83d\ude42<\/p>","protected":false},"excerpt":{"rendered":"<p>Neo Genesis Evangelion &#8211; Asuka Langley &#8218; 1:4 Resin Statue &#8218; von Harem Studio EU Taxfree! I do ship EU-wide, please contact me, should questions arise. Tolle Statue der tapferen Mechpilotin Wunderbar verarbeitete und sehr detaillierte Asuka Langley Statue aus Polystone &#8211; k\u00fcnstlichem Stein-Harz-Gemisch. Besonderheiten: Deluxe Version mit: 2 Sockeln 2 austauschbaren K\u00f6pfen zweiter, nackter [&hellip;]<\/p>\n","protected":false},"featured_media":10410,"comment_status":"closed","ping_status":"closed","template":"","meta":[],"product_brand":[],"product_cat":[811,568,84],"product_tag":[612,656,666,708,1043,658,539,537,538,479,147,251,383,533,540,795,1044,1046,1045,536,534,535,154,255,136,137],"class_list":{"0":"post-10409","1":"product","2":"type-product","3":"status-publish","4":"has-post-thumbnail","6":"product_cat-neon-genesis-evangelion","7":"product_cat-preorder","8":"product_cat-statuen-anime-comic-universum","9":"product_tag-anime","10":"product_tag-anime-collectibles","11":"product_tag-anime-figuren-shop","12":"product_tag-anime-statuen-shop","13":"product_tag-anime-statues","14":"product_tag-anime-toys","15":"product_tag-asuka-figure","16":"product_tag-asuka-resin-statue","17":"product_tag-asuka-statue","18":"product_tag-collectible","19":"product_tag-collectibles","20":"product_tag-collectibles-kaufen","21":"product_tag-collector","22":"product_tag-eva","23":"product_tag-eva-asuka-collectible","24":"product_tag-handsomecake","25":"product_tag-last-sleep","26":"product_tag-last-sleep-collectibles","27":"product_tag-last-sleep-studio","28":"product_tag-neo-genesis-asuka","29":"product_tag-neo-genesis-eva","30":"product_tag-neo-genesis-evangelion","31":"product_tag-resin-collectibles","32":"product_tag-resin-collectibles-kaufen","33":"product_tag-resin-statuen","34":"product_tag-resin-statuen-kaufen","35":"pa_brand-harem-studio","36":"pa_scale-1_to_4","38":"first","39":"instock","40":"taxable","41":"shipping-taxable","42":"product-type-variable"},"_links":{"self":[{"href":"https:\/\/store.handsomecake.com\/en\/wp-json\/wp\/v2\/product\/10409","targetHints":{"allow":["GET"]}}],"collection":[{"href":"https:\/\/store.handsomecake.com\/en\/wp-json\/wp\/v2\/product"}],"about":[{"href":"https:\/\/store.handsomecake.com\/en\/wp-json\/wp\/v2\/types\/product"}],"replies":[{"embeddable":true,"href":"https:\/\/store.handsomecake.com\/en\/wp-json\/wp\/v2\/comments?post=10409"}],"wp:featuredmedia":[{"embeddable":true,"href":"https:\/\/store.handsomecake.com\/en\/wp-json\/wp\/v2\/media\/10410"}],"wp:attachment":[{"href":"https:\/\/store.handsomecake.com\/en\/wp-json\/wp\/v2\/media?parent=10409"}],"wp:term":[{"taxonomy":"product_brand","embeddable":true,"href":"https:\/\/store.handsomecake.com\/en\/wp-json\/wp\/v2\/product_brand?post=10409"},{"taxonomy":"product_cat","embeddable":true,"href":"https:\/\/store.handsomecake.com\/en\/wp-json\/wp\/v2\/product_cat?post=10409"},{"taxonomy":"product_tag","embeddable":true,"href":"https:\/\/store.handsomecake.com\/en\/wp-json\/wp\/v2\/product_tag?post=10409"}],"curies":[{"name":"wp","href":"https:\/\/api.w.org\/{rel}","templated":true}]}}