{"id":10375,"date":"2022-03-22T15:38:07","date_gmt":"2022-03-22T15:38:07","guid":{"rendered":"https:\/\/store.handsomecake.com\/product\/naruto-zabuza-momochi-17-resin-statue-von-x-studios\/"},"modified":"2025-04-09T00:25:56","modified_gmt":"2025-04-09T00:25:56","slug":"naruto-zabuza-momochi-17-resin-statue-von-x-studios","status":"publish","type":"product","link":"https:\/\/store.handsomecake.com\/en\/product\/naruto-zabuza-momochi-17-resin-statue-von-x-studios\/","title":{"rendered":"Naruto &#8211; Zabuza Momochi | 1:7 Resin Statue | von X-Studios"},"content":{"rendered":"<p>Naruto &#8211; Zabuza Momochi &#8218; 1:7 Resin Statue &#8218; von X-Studios<br \/>\nEU Taxfree! I do ship EU-wide, please contact me, should questions arise.<\/p>\n<p>Tolle Statue des &#8222;D\u00e4monen des versteckten Nebels&#8220;<br \/>\nWunderbar verarbeitete und sehr detaillierte Zabuza Statue aus Polystone &#8211; k\u00fcnstlichem Stein-Harz-Gemisch.<\/p>\n<p><strong>Besonderheiten:<\/strong><\/p>\n<ul>\n<li>weltweit auf 188 St\u00fcck begrenzt<\/li>\n<\/ul>\n<p><strong>Release-Status:<\/strong><\/p>\n<ul>\n<li>Released und auf Lager.<\/li>\n<\/ul>\n<p>Wie immer bei meinen Artikeln &#8211; s\u00e4mtliche Geb\u00fchren sind, im Gegensatz zu anderen Angeboten, bereits inkludiert. Versand erfolgt ausschlie\u00dflich aus Deutschland, es fallen keine Zoll- und Importgeb\u00fchren an. Ihr kauft keine Katze im Sack \ud83d\ude42<\/p>\n<p>Ma\u00dfe der Statue:<br \/>\nGr\u00f6\u00dfe: H37cm x W15cm x D25cm<br \/>\nGewicht: ca. 3.65 kg<\/p>\n<p>You are not prepared! \ud83d\ude42<\/p>","protected":false},"excerpt":{"rendered":"<p>Naruto &#8211; Zabuza Momochi &#8218; 1:7 Resin Statue &#8218; von X-Studios EU Taxfree! I do ship EU-wide, please contact me, should questions arise. Tolle Statue des &#8222;D\u00e4monen des versteckten Nebels&#8220; Wunderbar verarbeitete und sehr detaillierte Zabuza Statue aus Polystone &#8211; k\u00fcnstlichem Stein-Harz-Gemisch. Besonderheiten: weltweit auf 188 St\u00fcck begrenzt Release-Status: Released und auf Lager. Wie immer [&hellip;]<\/p>\n","protected":false},"featured_media":10376,"comment_status":"closed","ping_status":"closed","template":"","meta":[],"product_brand":[],"product_cat":[826,88,84],"product_tag":[612,656,659,1306,660,657,640,708,658,147,251,795,297,298,168,296,1040,1041,1042,1304,169,170,154,136,137,1303,1305,1238,1239],"class_list":{"0":"post-10375","1":"product","2":"type-product","3":"status-publish","4":"has-post-thumbnail","6":"product_cat-lagernd-vor-ort","7":"product_cat-naruto","8":"product_cat-statuen-anime-comic-universum","9":"product_tag-anime","10":"product_tag-anime-collectibles","11":"product_tag-anime-figuren","12":"product_tag-anime-figuren-kaufen","13":"product_tag-anime-figuren-naruto","14":"product_tag-anime-figures","15":"product_tag-anime-statuen","16":"product_tag-anime-statuen-shop","17":"product_tag-anime-toys","18":"product_tag-collectibles","19":"product_tag-collectibles-kaufen","20":"product_tag-handsomecake","21":"product_tag-naruto-akatsuki","22":"product_tag-naruto-akatsuki-nagato","23":"product_tag-naruto-collectibles","24":"product_tag-naruto-collectibles-kaufen","25":"product_tag-naruto-itachi","26":"product_tag-naruto-itachi-collectibles","27":"product_tag-naruto-itachi-statue","28":"product_tag-naruto-sasuke","29":"product_tag-naruto-statuen","30":"product_tag-naruto-statuen-kaufen","31":"product_tag-resin-collectibles","32":"product_tag-resin-statuen","33":"product_tag-resin-statuen-kaufen","34":"product_tag-sasuke","35":"product_tag-sasuke-figuren","36":"product_tag-zabuza","37":"product_tag-zabuza-momochi","38":"pa_brand-x-studio","39":"pa_scale-1_to_7","41":"first","42":"instock","43":"sale","44":"featured","45":"taxable","46":"shipping-taxable","47":"product-type-simple"},"_links":{"self":[{"href":"https:\/\/store.handsomecake.com\/en\/wp-json\/wp\/v2\/product\/10375","targetHints":{"allow":["GET"]}}],"collection":[{"href":"https:\/\/store.handsomecake.com\/en\/wp-json\/wp\/v2\/product"}],"about":[{"href":"https:\/\/store.handsomecake.com\/en\/wp-json\/wp\/v2\/types\/product"}],"replies":[{"embeddable":true,"href":"https:\/\/store.handsomecake.com\/en\/wp-json\/wp\/v2\/comments?post=10375"}],"wp:featuredmedia":[{"embeddable":true,"href":"https:\/\/store.handsomecake.com\/en\/wp-json\/wp\/v2\/media\/10376"}],"wp:attachment":[{"href":"https:\/\/store.handsomecake.com\/en\/wp-json\/wp\/v2\/media?parent=10375"}],"wp:term":[{"taxonomy":"product_brand","embeddable":true,"href":"https:\/\/store.handsomecake.com\/en\/wp-json\/wp\/v2\/product_brand?post=10375"},{"taxonomy":"product_cat","embeddable":true,"href":"https:\/\/store.handsomecake.com\/en\/wp-json\/wp\/v2\/product_cat?post=10375"},{"taxonomy":"product_tag","embeddable":true,"href":"https:\/\/store.handsomecake.com\/en\/wp-json\/wp\/v2\/product_tag?post=10375"}],"curies":[{"name":"wp","href":"https:\/\/api.w.org\/{rel}","templated":true}]}}