{"id":10297,"date":"2022-03-11T22:45:15","date_gmt":"2022-03-11T22:45:15","guid":{"rendered":"https:\/\/store.handsomecake.com\/product\/attack-on-titan-pieck-finger-16-resin-statue-von-rosa-studio\/"},"modified":"2024-11-14T13:55:28","modified_gmt":"2024-11-14T13:55:28","slug":"attack-on-titan-pieck-finger-16-resin-statue-von-rosa-studio","status":"publish","type":"product","link":"https:\/\/store.handsomecake.com\/en\/product\/attack-on-titan-pieck-finger-16-resin-statue-von-rosa-studio\/","title":{"rendered":"Attack on Titan &#8211; Pieck Finger | 1:6 Resin Statue | von Rosa Studio"},"content":{"rendered":"<p>Attack on Titan &#8211; Pieck Finger &#8218; 1:6 Resin Statue &#8218; von Rosa Studio<\/p>\n<p>I do ship EU-wide, please contact me, should questions arise.<\/p>\n<p>Tolle Statue der Tr\u00e4gerin vom Karrentitan<br \/>\nWunderbar verarbeitete und sehr detaillierte Pieck Finger Statue aus Polystone &#8211; k\u00fcnstlichem Stein-Harz-Gemisch.<\/p>\n<p><strong>Besonderheiten:<\/strong><\/p>\n<ul>\n<li>EX Version, welche folgendes beinhaltet:\n<ul>\n<li>2 austauschbare K\u00f6pfe<\/li>\n<li>3 austauschbare Oberk\u00f6rper (vollst\u00e4ndig nackt, nur mit Unterw\u00e4sche und bekleidet)<\/li>\n<li>2 austauschbare Beinsets<\/li>\n<li>2 Sockel<\/li>\n<\/ul>\n<\/li>\n<li>88 St\u00fcck weltweit<\/li>\n<\/ul>\n<p><strong>Release-Status:<\/strong><\/p>\n<ul>\n<li>Lagernd vor Ort. Versandfertig in ca. 5 Werktagen.<\/li>\n<\/ul>\n<p>Wie immer bei meinen Artikeln &#8211; s\u00e4mtliche Geb\u00fchren sind, im Gegensatz zu anderen Angeboten, bereits inkludiert. Versand erfolgt ausschlie\u00dflich aus Deutschland, es fallen keine Zoll- und Importgeb\u00fchren an. Ihr kauft keine Katze im Sack \ud83d\ude42<\/p>\n<p>Ma\u00dfe der Statue:<br \/>\nGr\u00f6\u00dfe: ca. H36cm x W28cm x D28<br \/>\nGewicht: TBA, gesch\u00e4tzt: ca. 7kg<\/p>\n<p>You are not prepared! \ud83d\ude42<\/p>","protected":false},"excerpt":{"rendered":"<p>Attack on Titan &#8211; Pieck Finger &#8218; 1:6 Resin Statue &#8218; von Rosa Studio I do ship EU-wide, please contact me, should questions arise. Tolle Statue der Tr\u00e4gerin vom Karrentitan Wunderbar verarbeitete und sehr detaillierte Pieck Finger Statue aus Polystone &#8211; k\u00fcnstlichem Stein-Harz-Gemisch. Besonderheiten: EX Version, welche folgendes beinhaltet: 2 austauschbare K\u00f6pfe 3 austauschbare Oberk\u00f6rper [&hellip;]<\/p>\n","protected":false},"featured_media":10298,"comment_status":"closed","ping_status":"closed","template":"","meta":[],"product_brand":[],"product_cat":[714,826,84],"product_tag":[612,656,659,666,708,1185,1186,1188,1008,709,1184,710,712,713,850,795,704,707,706,705,711,1187,379,381,665,380,382,547],"class_list":{"0":"post-10297","1":"product","2":"type-product","3":"status-publish","4":"has-post-thumbnail","6":"product_cat-attack-on-titan","7":"product_cat-lagernd-vor-ort","8":"product_cat-statuen-anime-comic-universum","9":"product_tag-anime","10":"product_tag-anime-collectibles","11":"product_tag-anime-figuren","12":"product_tag-anime-figuren-shop","13":"product_tag-anime-statuen-shop","14":"product_tag-aot-eren","15":"product_tag-aot-eren-jaeger","16":"product_tag-aot-figurine","17":"product_tag-aot-toys","18":"product_tag-attack-on-titan","19":"product_tag-attack-on-titan-eren","20":"product_tag-attack-on-titan-figure","21":"product_tag-attack-on-titan-levi","22":"product_tag-beast-titan","23":"product_tag-eren-jaeger","24":"product_tag-handsomecake","25":"product_tag-kitsune","26":"product_tag-kitsune-collectibles","27":"product_tag-kitsune-figure","28":"product_tag-kitsune-statue","29":"product_tag-levi","30":"product_tag-levi-ackerman","31":"product_tag-statue-collectible","32":"product_tag-statue-collectibles","33":"product_tag-statuen-shop","34":"product_tag-statues-collectible","35":"product_tag-statues-collectibles","36":"product_tag-statues-collector","37":"pa_brand-rosa-studio","38":"pa_scale-1_to_6","40":"first","41":"instock","42":"taxable","43":"shipping-taxable","44":"product-type-simple"},"_links":{"self":[{"href":"https:\/\/store.handsomecake.com\/en\/wp-json\/wp\/v2\/product\/10297","targetHints":{"allow":["GET"]}}],"collection":[{"href":"https:\/\/store.handsomecake.com\/en\/wp-json\/wp\/v2\/product"}],"about":[{"href":"https:\/\/store.handsomecake.com\/en\/wp-json\/wp\/v2\/types\/product"}],"replies":[{"embeddable":true,"href":"https:\/\/store.handsomecake.com\/en\/wp-json\/wp\/v2\/comments?post=10297"}],"wp:featuredmedia":[{"embeddable":true,"href":"https:\/\/store.handsomecake.com\/en\/wp-json\/wp\/v2\/media\/10298"}],"wp:attachment":[{"href":"https:\/\/store.handsomecake.com\/en\/wp-json\/wp\/v2\/media?parent=10297"}],"wp:term":[{"taxonomy":"product_brand","embeddable":true,"href":"https:\/\/store.handsomecake.com\/en\/wp-json\/wp\/v2\/product_brand?post=10297"},{"taxonomy":"product_cat","embeddable":true,"href":"https:\/\/store.handsomecake.com\/en\/wp-json\/wp\/v2\/product_cat?post=10297"},{"taxonomy":"product_tag","embeddable":true,"href":"https:\/\/store.handsomecake.com\/en\/wp-json\/wp\/v2\/product_tag?post=10297"}],"curies":[{"name":"wp","href":"https:\/\/api.w.org\/{rel}","templated":true}]}}