{"id":10290,"date":"2022-03-11T22:44:14","date_gmt":"2022-03-11T22:44:14","guid":{"rendered":"https:\/\/store.handsomecake.com\/product\/naruto-damaged-kisame-hoshigaki-17-resin-statue-von-cw-studio\/"},"modified":"2024-09-22T08:58:56","modified_gmt":"2024-09-22T08:58:56","slug":"naruto-damaged-kisame-hoshigaki-17-resin-statue-von-cw-studio","status":"publish","type":"product","link":"https:\/\/store.handsomecake.com\/en\/product\/naruto-damaged-kisame-hoshigaki-17-resin-statue-von-cw-studio\/","title":{"rendered":"Naruto &#8211; Damaged Kisame Hoshigaki | 1:7 Resin Statue | von CW Studio"},"content":{"rendered":"<p>Naruto &#8211; Damaged Kisame Hoshigaki &#8218; 1:7 Resin Statue &#8218; von CW Studio<\/p>\n<p>I do ship EU-wide, please contact me, should questions arise.<\/p>\n<p>Tolle Naruto Statue<br \/>\nWunderbar verarbeitete und sehr detaillierte Kisame Hoshigaki aus Polystone &#8211; k\u00fcnstlichem Stein-Harz-Gemisch.<\/p>\n<p><strong>Besonderheiten:<\/strong><\/p>\n<ul>\n<li>Kleiner Kisame dabei<\/li>\n<li>St\u00fcckzahl aktuell nicht bekannt<\/li>\n<\/ul>\n<p><strong>Release-Status:<\/strong><\/p>\n<ul>\n<li>Preorder. Statue wird sch\u00e4tzungsweise Q1 2023 fertiggestellt und wir erwarten sie bei uns im Lager gegen Ende Mai 2023.<\/li>\n<\/ul>\n<p>Wie immer bei meinen Artikeln &#8211; s\u00e4mtliche Geb\u00fchren sind, im Gegensatz zu anderen Angeboten, bereits inkludiert. Versand erfolgt ausschlie\u00dflich aus Deutschland, es fallen keine Zoll- und Importgeb\u00fchren an. Ihr kauft keine Katze im Sack \ud83d\ude42<\/p>\n<p>Ma\u00dfe der Statue:<br \/>\nGr\u00f6\u00dfe: ca. H36cm x Wcm x Dcm<br \/>\nGewicht: TBA, gesch\u00e4tzt: ca. 6kg<\/p>\n<p>You are not prepared! \ud83d\ude42<\/p>","protected":false},"excerpt":{"rendered":"<p>Naruto &#8211; Damaged Kisame Hoshigaki &#8218; 1:7 Resin Statue &#8218; von CW Studio I do ship EU-wide, please contact me, should questions arise. Tolle Naruto Statue Wunderbar verarbeitete und sehr detaillierte Kisame Hoshigaki aus Polystone &#8211; k\u00fcnstlichem Stein-Harz-Gemisch. Besonderheiten: Kleiner Kisame dabei St\u00fcckzahl aktuell nicht bekannt Release-Status: Preorder. Statue wird sch\u00e4tzungsweise Q1 2023 fertiggestellt und [&hellip;]<\/p>\n","protected":false},"featured_media":10291,"comment_status":"closed","ping_status":"closed","template":"","meta":[],"product_brand":[],"product_cat":[88,568,84],"product_tag":[612,656,659,660,657,640,658,147,251,795,297,298,168,296,1040,1041,1042,169,170,154,136,137],"class_list":{"0":"post-10290","1":"product","2":"type-product","3":"status-publish","4":"has-post-thumbnail","6":"product_cat-naruto","7":"product_cat-preorder","8":"product_cat-statuen-anime-comic-universum","9":"product_tag-anime","10":"product_tag-anime-collectibles","11":"product_tag-anime-figuren","12":"product_tag-anime-figuren-naruto","13":"product_tag-anime-figures","14":"product_tag-anime-statuen","15":"product_tag-anime-toys","16":"product_tag-collectibles","17":"product_tag-collectibles-kaufen","18":"product_tag-handsomecake","19":"product_tag-naruto-akatsuki","20":"product_tag-naruto-akatsuki-nagato","21":"product_tag-naruto-collectibles","22":"product_tag-naruto-collectibles-kaufen","23":"product_tag-naruto-itachi","24":"product_tag-naruto-itachi-collectibles","25":"product_tag-naruto-itachi-statue","26":"product_tag-naruto-statuen","27":"product_tag-naruto-statuen-kaufen","28":"product_tag-resin-collectibles","29":"product_tag-resin-statuen","30":"product_tag-resin-statuen-kaufen","31":"pa_brand-cartoon-world-studio","32":"pa_brand-cw-studio","33":"pa_scale-1_to_7","35":"first","36":"outofstock","37":"taxable","38":"shipping-taxable","39":"product-type-variable"},"_links":{"self":[{"href":"https:\/\/store.handsomecake.com\/en\/wp-json\/wp\/v2\/product\/10290","targetHints":{"allow":["GET"]}}],"collection":[{"href":"https:\/\/store.handsomecake.com\/en\/wp-json\/wp\/v2\/product"}],"about":[{"href":"https:\/\/store.handsomecake.com\/en\/wp-json\/wp\/v2\/types\/product"}],"replies":[{"embeddable":true,"href":"https:\/\/store.handsomecake.com\/en\/wp-json\/wp\/v2\/comments?post=10290"}],"wp:featuredmedia":[{"embeddable":true,"href":"https:\/\/store.handsomecake.com\/en\/wp-json\/wp\/v2\/media\/10291"}],"wp:attachment":[{"href":"https:\/\/store.handsomecake.com\/en\/wp-json\/wp\/v2\/media?parent=10290"}],"wp:term":[{"taxonomy":"product_brand","embeddable":true,"href":"https:\/\/store.handsomecake.com\/en\/wp-json\/wp\/v2\/product_brand?post=10290"},{"taxonomy":"product_cat","embeddable":true,"href":"https:\/\/store.handsomecake.com\/en\/wp-json\/wp\/v2\/product_cat?post=10290"},{"taxonomy":"product_tag","embeddable":true,"href":"https:\/\/store.handsomecake.com\/en\/wp-json\/wp\/v2\/product_tag?post=10290"}],"curies":[{"name":"wp","href":"https:\/\/api.w.org\/{rel}","templated":true}]}}