{"id":10237,"date":"2022-03-02T23:10:48","date_gmt":"2022-03-02T23:10:48","guid":{"rendered":"https:\/\/store.handsomecake.com\/product\/naruto-pain-16-resin-statue-von-temple-studio\/"},"modified":"2024-10-29T13:10:34","modified_gmt":"2024-10-29T13:10:34","slug":"naruto-pain-16-resin-statue-von-temple-studio","status":"publish","type":"product","link":"https:\/\/store.handsomecake.com\/en\/product\/naruto-pain-16-resin-statue-von-temple-studio\/","title":{"rendered":"Naruto &#8211; Pain | 1:6 Resin Statue | von Temple Studio"},"content":{"rendered":"<p>Naruto &#8211; Pain &#8218; 1:6 Resin Statue &#8218; von Temple Studio<br \/>\nI do ship EU-wide, please contact me, should questions arise.<\/p>\n<p>Tolle Statue von Pain<br \/>\nWunderbar verarbeitete und sehr detaillierte Pain Statue aus Polystone &#8211; k\u00fcnstlichem Stein-Harz-Gemisch.<\/p>\n<p><strong>Besonderheiten:<\/strong><\/p>\n<ul>\n<li>2 austauschbare K\u00f6pfe<\/li>\n<li>150 St\u00fcck weltweit<\/li>\n<\/ul>\n<p><strong>Release-Status:<\/strong><\/p>\n<ul>\n<li>\n<p class=\"p1\">In Stock im Warenlager in China. Ab Bestellzeitpunkt in ca. 3-4 Monaten bei Euch.<\/p>\n<\/li>\n<\/ul>\n<p>Wie immer bei meinen Artikeln &#8211; s\u00e4mtliche Geb\u00fchren sind, im Gegensatz zu anderen Angeboten, bereits inkludiert. Versand erfolgt ausschlie\u00dflich aus Deutschland, es fallen keine Zoll- und Importgeb\u00fchren an. Ihr kauft keine Katze im Sack \ud83d\ude42<\/p>\n<p>Ma\u00dfe der Statue:<br \/>\nGr\u00f6\u00dfe: ca. H75cm x 49cm x 39cm<br \/>\nGewicht: TBA, gesch\u00e4tzt: ca. 18kg<\/p>\n<p>You are not prepared! \ud83d\ude42<\/p>","protected":false},"excerpt":{"rendered":"<p>Naruto &#8211; Pain &#8218; 1:6 Resin Statue &#8218; von Temple Studio I do ship EU-wide, please contact me, should questions arise. Tolle Statue von Pain Wunderbar verarbeitete und sehr detaillierte Pain Statue aus Polystone &#8211; k\u00fcnstlichem Stein-Harz-Gemisch. Besonderheiten: 2 austauschbare K\u00f6pfe 150 St\u00fcck weltweit Release-Status: In Stock im Warenlager in China. Ab Bestellzeitpunkt in ca. [&hellip;]<\/p>\n","protected":false},"featured_media":10238,"comment_status":"closed","ping_status":"closed","template":"","meta":[],"product_brand":[],"product_cat":[88,84,567],"product_tag":[612,656,659,660,657,640,658,147,251,795,297,298,168,296,1040,1041,1042,169,170,154,136,137],"class_list":{"0":"post-10237","1":"product","2":"type-product","3":"status-publish","4":"has-post-thumbnail","6":"product_cat-naruto","7":"product_cat-statuen-anime-comic-universum","8":"product_cat-in_stock_warehouse_china","9":"product_tag-anime","10":"product_tag-anime-collectibles","11":"product_tag-anime-figuren","12":"product_tag-anime-figuren-naruto","13":"product_tag-anime-figures","14":"product_tag-anime-statuen","15":"product_tag-anime-toys","16":"product_tag-collectibles","17":"product_tag-collectibles-kaufen","18":"product_tag-handsomecake","19":"product_tag-naruto-akatsuki","20":"product_tag-naruto-akatsuki-nagato","21":"product_tag-naruto-collectibles","22":"product_tag-naruto-collectibles-kaufen","23":"product_tag-naruto-itachi","24":"product_tag-naruto-itachi-collectibles","25":"product_tag-naruto-itachi-statue","26":"product_tag-naruto-statuen","27":"product_tag-naruto-statuen-kaufen","28":"product_tag-resin-collectibles","29":"product_tag-resin-statuen","30":"product_tag-resin-statuen-kaufen","31":"pa_brand-temple-studio","32":"pa_scale-1_to_6","34":"first","35":"instock","36":"taxable","37":"shipping-taxable","38":"product-type-simple"},"_links":{"self":[{"href":"https:\/\/store.handsomecake.com\/en\/wp-json\/wp\/v2\/product\/10237","targetHints":{"allow":["GET"]}}],"collection":[{"href":"https:\/\/store.handsomecake.com\/en\/wp-json\/wp\/v2\/product"}],"about":[{"href":"https:\/\/store.handsomecake.com\/en\/wp-json\/wp\/v2\/types\/product"}],"replies":[{"embeddable":true,"href":"https:\/\/store.handsomecake.com\/en\/wp-json\/wp\/v2\/comments?post=10237"}],"wp:featuredmedia":[{"embeddable":true,"href":"https:\/\/store.handsomecake.com\/en\/wp-json\/wp\/v2\/media\/10238"}],"wp:attachment":[{"href":"https:\/\/store.handsomecake.com\/en\/wp-json\/wp\/v2\/media?parent=10237"}],"wp:term":[{"taxonomy":"product_brand","embeddable":true,"href":"https:\/\/store.handsomecake.com\/en\/wp-json\/wp\/v2\/product_brand?post=10237"},{"taxonomy":"product_cat","embeddable":true,"href":"https:\/\/store.handsomecake.com\/en\/wp-json\/wp\/v2\/product_cat?post=10237"},{"taxonomy":"product_tag","embeddable":true,"href":"https:\/\/store.handsomecake.com\/en\/wp-json\/wp\/v2\/product_tag?post=10237"}],"curies":[{"name":"wp","href":"https:\/\/api.w.org\/{rel}","templated":true}]}}