{"id":10236,"date":"2022-03-02T23:10:01","date_gmt":"2022-03-02T23:10:01","guid":{"rendered":"https:\/\/store.handsomecake.com\/product\/persona-ann-takamaki-panther-15-resin-statue-von-green-leaf-studio\/"},"modified":"2024-06-12T15:06:18","modified_gmt":"2024-06-12T15:06:18","slug":"persona-ann-takamaki-panther-15-resin-statue-von-green-leaf-studio","status":"publish","type":"product","link":"https:\/\/store.handsomecake.com\/en\/product\/persona-ann-takamaki-panther-15-resin-statue-von-green-leaf-studio\/","title":{"rendered":"Persona &#8211; Ann Takamaki \/ Panther | 1:5 Resin Statue | von Green Leaf Studio"},"content":{"rendered":"<p>Persona &#8211; Ann Takamaki \/ Panther &#8218; 1:5 Resin Statue &#8218; von Green Leaf Studio<br \/>\nI do ship EU-wide, please contact me, should questions arise.<\/p>\n<p>Tolle Statue von unserer geliebten Phantomdiebin<br \/>\nWunderbar verarbeitete und sehr detaillierte Ann Takamaki Statue aus Polystone &#8211; k\u00fcnstlichem Stein-Harz-Gemisch.<\/p>\n<p><strong>Besonderheiten:<\/strong><\/p>\n<ul>\n<li>Austauschbarer Handgegenstand &#8211; Maske und Peitsche<\/li>\n<li>Ann kann fast komplett nackt sein<\/li>\n<li>299 St\u00fcck weltweit<\/li>\n<\/ul>\n<p><strong>Release-Status:<\/strong><\/p>\n<ul>\n<li>Preorder. Statue wird voraussichtlich Ende Q1 2023 released. Wir erwarten sie sch\u00e4tzungsweise Ende Mai 2023 bei uns im Warenlager.<\/li>\n<\/ul>\n<p>Wie immer bei meinen Artikeln &#8211; s\u00e4mtliche Geb\u00fchren sind, im Gegensatz zu anderen Angeboten, bereits inkludiert. Versand erfolgt ausschlie\u00dflich aus Deutschland, es fallen keine Zoll- und Importgeb\u00fchren an. Ihr kauft keine Katze im Sack \ud83d\ude42<\/p>\n<p>Ma\u00dfe der Statue:<br \/>\nGr\u00f6\u00dfe: ca. H35cm x 36cm x 21cm<br \/>\nGewicht: TBA, gesch\u00e4tzt: ca. 6kg<\/p>\n<p>You are not prepared! \ud83d\ude42<\/p>","protected":false},"excerpt":{"rendered":"<p>Persona &#8211; Ann Takamaki \/ Panther &#8218; 1:5 Resin Statue &#8218; von Green Leaf Studio I do ship EU-wide, please contact me, should questions arise. Tolle Statue von unserer geliebten Phantomdiebin Wunderbar verarbeitete und sehr detaillierte Ann Takamaki Statue aus Polystone &#8211; k\u00fcnstlichem Stein-Harz-Gemisch. Besonderheiten: Austauschbarer Handgegenstand &#8211; Maske und Peitsche Ann kann fast komplett [&hellip;]<\/p>\n","protected":false},"featured_media":10258,"comment_status":"closed","ping_status":"closed","template":"","meta":[],"product_brand":[],"product_cat":[568,184,81],"product_tag":[612,659,666,717,794,662,640,658,1234,479,147,251,795,1229,1231,1230,1235,1232,1233,154,255,136,137,379,381,552,380,547,718],"class_list":{"0":"post-10236","1":"product","2":"type-product","3":"status-publish","4":"has-post-thumbnail","6":"product_cat-preorder","7":"product_cat-sonstige-resin-statuen","8":"product_cat-statuen-computerspieluniversum","9":"product_tag-anime","10":"product_tag-anime-figuren","11":"product_tag-anime-figuren-shop","12":"product_tag-anime-shop","13":"product_tag-anime-statue","14":"product_tag-anime-statue-shop","15":"product_tag-anime-statuen","16":"product_tag-anime-toys","17":"product_tag-ann-takamaki-statue","18":"product_tag-collectible","19":"product_tag-collectibles","20":"product_tag-collectibles-kaufen","21":"product_tag-handsomecake","22":"product_tag-persona","23":"product_tag-persona-ann","24":"product_tag-persona-collectibles","25":"product_tag-persona-panther","26":"product_tag-persona-resin","27":"product_tag-persona-statuen","28":"product_tag-resin-collectibles","29":"product_tag-resin-collectibles-kaufen","30":"product_tag-resin-statuen","31":"product_tag-resin-statuen-kaufen","32":"product_tag-statue-collectible","33":"product_tag-statue-collectibles","34":"product_tag-statue-collector","35":"product_tag-statues-collectible","36":"product_tag-statues-collector","37":"product_tag-toys","38":"pa_brand-green-leaf-studio","39":"pa_scale-1_to_5","41":"first","42":"instock","43":"taxable","44":"shipping-taxable","45":"product-type-variable"},"_links":{"self":[{"href":"https:\/\/store.handsomecake.com\/en\/wp-json\/wp\/v2\/product\/10236","targetHints":{"allow":["GET"]}}],"collection":[{"href":"https:\/\/store.handsomecake.com\/en\/wp-json\/wp\/v2\/product"}],"about":[{"href":"https:\/\/store.handsomecake.com\/en\/wp-json\/wp\/v2\/types\/product"}],"replies":[{"embeddable":true,"href":"https:\/\/store.handsomecake.com\/en\/wp-json\/wp\/v2\/comments?post=10236"}],"wp:featuredmedia":[{"embeddable":true,"href":"https:\/\/store.handsomecake.com\/en\/wp-json\/wp\/v2\/media\/10258"}],"wp:attachment":[{"href":"https:\/\/store.handsomecake.com\/en\/wp-json\/wp\/v2\/media?parent=10236"}],"wp:term":[{"taxonomy":"product_brand","embeddable":true,"href":"https:\/\/store.handsomecake.com\/en\/wp-json\/wp\/v2\/product_brand?post=10236"},{"taxonomy":"product_cat","embeddable":true,"href":"https:\/\/store.handsomecake.com\/en\/wp-json\/wp\/v2\/product_cat?post=10236"},{"taxonomy":"product_tag","embeddable":true,"href":"https:\/\/store.handsomecake.com\/en\/wp-json\/wp\/v2\/product_tag?post=10236"}],"curies":[{"name":"wp","href":"https:\/\/api.w.org\/{rel}","templated":true}]}}