{"id":10192,"date":"2022-02-26T15:12:35","date_gmt":"2022-02-26T15:12:35","guid":{"rendered":"https:\/\/store.handsomecake.com\/product\/dragon-ball-piccolo-14-resin-statue-von-kd-collectibles\/"},"modified":"2024-06-12T15:05:59","modified_gmt":"2024-06-12T15:05:59","slug":"dragon-ball-piccolo-14-resin-statue-von-kd-collectibles","status":"publish","type":"product","link":"https:\/\/store.handsomecake.com\/en\/product\/dragon-ball-piccolo-14-resin-statue-von-kd-collectibles\/","title":{"rendered":"Dragon Ball &#8211; Piccolo | 1:4 Resin Statue | von KD Collectibles"},"content":{"rendered":"<p>Dragon Ball &#8211; Piccolo &#8218; 1:4 Resin Statue &#8218; von KD Collectibles<\/p>\n<p>I do ship EU-wide, please contact me, should questions arise.<\/p>\n<p>Tolle Statue des Sohnes vom Oberteufel Piccolo<br \/>\nWunderbar verarbeitete und sehr detaillierte Piccolo aus Polystone &#8211; k\u00fcnstlichem Stein-Harz-Gemisch.<\/p>\n<p><strong>Besonderheiten:<\/strong><\/p>\n<ul>\n<li>Deluxe-Version mit insgesamt 3 austauschbaren Oberk\u00f6rpern<\/li>\n<li>LED im Sockel<\/li>\n<\/ul>\n<p><strong>Release-Status:<\/strong><\/p>\n<ul>\n<li>Released. Ab Bestellzeitpunkt in ca. 90 Tagen bei euch.<\/li>\n<\/ul>\n<p>Wie immer bei meinen Artikeln &#8211; s\u00e4mtliche Geb\u00fchren sind, im Gegensatz zu anderen Angeboten, bereits inkludiert. Versand erfolgt ausschlie\u00dflich aus Deutschland, es fallen keine Zoll- und Importgeb\u00fchren an. Ihr kauft keine Katze im Sack \ud83d\ude42<\/p>\n<p>Ma\u00dfe der Statue:<br \/>\nGr\u00f6\u00dfe: ca. H57cm x W37cm x D40cm<br \/>\nGewicht: TBA, gesch\u00e4tzt 24kg<\/p>\n<p>You are not prepared! \ud83d\ude42<\/p>","protected":false},"excerpt":{"rendered":"<p>Dragon Ball &#8211; Piccolo &#8218; 1:4 Resin Statue &#8218; von KD Collectibles I do ship EU-wide, please contact me, should questions arise. Tolle Statue des Sohnes vom Oberteufel Piccolo Wunderbar verarbeitete und sehr detaillierte Piccolo aus Polystone &#8211; k\u00fcnstlichem Stein-Harz-Gemisch. Besonderheiten: Deluxe-Version mit insgesamt 3 austauschbaren Oberk\u00f6rpern LED im Sockel Release-Status: Released. Ab Bestellzeitpunkt in [&hellip;]<\/p>\n","protected":false},"featured_media":10193,"comment_status":"closed","ping_status":"closed","template":"","meta":[],"product_brand":[],"product_cat":[87,84,567],"product_tag":[612,659,666,717,794,662,640,658,479,147,251,738,190,1227,191,741,795,1226,154,255,136,137,379,381,552,380,547,718],"class_list":{"0":"post-10192","1":"product","2":"type-product","3":"status-publish","4":"has-post-thumbnail","6":"product_cat-dragon-ball","7":"product_cat-statuen-anime-comic-universum","8":"product_cat-in_stock_warehouse_china","9":"product_tag-anime","10":"product_tag-anime-figuren","11":"product_tag-anime-figuren-shop","12":"product_tag-anime-shop","13":"product_tag-anime-statue","14":"product_tag-anime-statue-shop","15":"product_tag-anime-statuen","16":"product_tag-anime-toys","17":"product_tag-collectible","18":"product_tag-collectibles","19":"product_tag-collectibles-kaufen","20":"product_tag-dragon-ball","21":"product_tag-dragon-ball-collectibles","22":"product_tag-dragon-ball-piccolo","23":"product_tag-dragon-ball-resin","24":"product_tag-dragon-ball-statuen","25":"product_tag-handsomecake","26":"product_tag-piccolo-statue","27":"product_tag-resin-collectibles","28":"product_tag-resin-collectibles-kaufen","29":"product_tag-resin-statuen","30":"product_tag-resin-statuen-kaufen","31":"product_tag-statue-collectible","32":"product_tag-statue-collectibles","33":"product_tag-statue-collector","34":"product_tag-statues-collectible","35":"product_tag-statues-collector","36":"product_tag-toys","37":"pa_brand-kd-collectibles","38":"pa_scale-1_to_4","40":"first","41":"outofstock","42":"taxable","43":"shipping-taxable","44":"product-type-simple"},"_links":{"self":[{"href":"https:\/\/store.handsomecake.com\/en\/wp-json\/wp\/v2\/product\/10192","targetHints":{"allow":["GET"]}}],"collection":[{"href":"https:\/\/store.handsomecake.com\/en\/wp-json\/wp\/v2\/product"}],"about":[{"href":"https:\/\/store.handsomecake.com\/en\/wp-json\/wp\/v2\/types\/product"}],"replies":[{"embeddable":true,"href":"https:\/\/store.handsomecake.com\/en\/wp-json\/wp\/v2\/comments?post=10192"}],"wp:featuredmedia":[{"embeddable":true,"href":"https:\/\/store.handsomecake.com\/en\/wp-json\/wp\/v2\/media\/10193"}],"wp:attachment":[{"href":"https:\/\/store.handsomecake.com\/en\/wp-json\/wp\/v2\/media?parent=10192"}],"wp:term":[{"taxonomy":"product_brand","embeddable":true,"href":"https:\/\/store.handsomecake.com\/en\/wp-json\/wp\/v2\/product_brand?post=10192"},{"taxonomy":"product_cat","embeddable":true,"href":"https:\/\/store.handsomecake.com\/en\/wp-json\/wp\/v2\/product_cat?post=10192"},{"taxonomy":"product_tag","embeddable":true,"href":"https:\/\/store.handsomecake.com\/en\/wp-json\/wp\/v2\/product_tag?post=10192"}],"curies":[{"name":"wp","href":"https:\/\/api.w.org\/{rel}","templated":true}]}}