{"id":10173,"date":"2022-02-23T14:08:24","date_gmt":"2022-02-23T14:08:24","guid":{"rendered":"https:\/\/store.handsomecake.com\/product\/legend-of-zelda-link-15-resin-statue-von-oz-productions-studio\/"},"modified":"2025-03-20T12:00:31","modified_gmt":"2025-03-20T12:00:31","slug":"legend-of-zelda-link-15-resin-statue-von-oz-productions-studio","status":"publish","type":"product","link":"https:\/\/store.handsomecake.com\/en\/product\/legend-of-zelda-link-15-resin-statue-von-oz-productions-studio\/","title":{"rendered":"Legend of Zelda &#8211; Link | 1:5 Resin Statue | von OZ Productions Studio"},"content":{"rendered":"<p>Legend of Zelda &#8211; Link &#8218; 1:5 Resin Statue &#8218; von OZ Productions Studio<\/p>\n<p>EU Taxfree! I do ship EU-wide, please contact me, should questions arise.<\/p>\n<p>Tolle Statue von unserem geliebten Hylianer und Zeldas Retter<br \/>\nWunderbar verarbeitete und sehr detaillierte Statue von Link aus Polystone &#8211; k\u00fcnstlichem Stein-Harz-Gemisch.<\/p>\n<p><strong>Besonderheiten:<\/strong><\/p>\n<ul>\n<li>Deluxe Version mit:\n<ul>\n<li>2 austauschbaren Oberk\u00f6rpern (Schild&amp;Schwert und Bogenschie\u00dfend, f\u00fcr den jeweils anderen Torso gibt es einen Extra-Sockel)<\/li>\n<li>4 verschiedene Pfeilvarianten &#8211; Blitz, Feuer, Eis und Explosiv<\/li>\n<li>100 St\u00fcck weltweit<\/li>\n<\/ul>\n<\/li>\n<\/ul>\n<p><strong>Release-Status:<\/strong><\/p>\n<ul>\n<li>In Stock<\/li>\n<\/ul>\n<p>Wie immer bei meinen Artikeln &#8211; s\u00e4mtliche Geb\u00fchren sind, im Gegensatz zu anderen Angeboten, bereits inkludiert. Versand erfolgt ausschlie\u00dflich aus Deutschland, es fallen keine Zoll- und Importgeb\u00fchren an. Ihr kauft keine Katze im Sack \ud83d\ude42<\/p>\n<p>Ma\u00dfe der Statue:<br \/>\nGr\u00f6\u00dfe: ca. 50cm x 35cm x 48.5cm<br \/>\nGewicht: ca. 14kg (gesch\u00e4tzt)<\/p>\n<p>You are not prepared! \ud83d\ude42<\/p>","protected":false},"excerpt":{"rendered":"<p>Legend of Zelda &#8211; Link &#8218; 1:5 Resin Statue &#8218; von OZ Productions Studio EU Taxfree! I do ship EU-wide, please contact me, should questions arise. Tolle Statue von unserem geliebten Hylianer und Zeldas Retter Wunderbar verarbeitete und sehr detaillierte Statue von Link aus Polystone &#8211; k\u00fcnstlichem Stein-Harz-Gemisch. Besonderheiten: Deluxe Version mit: 2 austauschbaren Oberk\u00f6rpern [&hellip;]<\/p>\n","protected":false},"featured_media":10174,"comment_status":"closed","ping_status":"closed","template":"","meta":[],"product_brand":[],"product_cat":[826,81,567],"product_tag":[612,659,666,658,147,251,383,553,795,1215,1208,1209,1210,1211,1212,1213,154,136,554,379,381,552,547,1216,1214,1218,1217],"class_list":{"0":"post-10173","1":"product","2":"type-product","3":"status-publish","4":"has-post-thumbnail","6":"product_cat-lagernd-vor-ort","7":"product_cat-statuen-computerspieluniversum","8":"product_cat-in_stock_warehouse_china","9":"product_tag-anime","10":"product_tag-anime-figuren","11":"product_tag-anime-figuren-shop","12":"product_tag-anime-toys","13":"product_tag-collectibles","14":"product_tag-collectibles-kaufen","15":"product_tag-collector","16":"product_tag-figure-collector","17":"product_tag-handsomecake","18":"product_tag-legend-of-zelda","19":"product_tag-link","20":"product_tag-link-collectibles","21":"product_tag-link-resin","22":"product_tag-link-statue","23":"product_tag-link-statues","24":"product_tag-link-toys","25":"product_tag-resin-collectibles","26":"product_tag-resin-statuen","27":"product_tag-resin-statues","28":"product_tag-statue-collectible","29":"product_tag-statue-collectibles","30":"product_tag-statue-collector","31":"product_tag-statues-collector","32":"product_tag-the-legend-of-zelda","33":"product_tag-zelda","34":"product_tag-zelda-collectibles","35":"product_tag-zelda-toys","36":"pa_brand-oz-production-studio","37":"pa_scale-1_to_5","39":"first","40":"instock","41":"sale","42":"taxable","43":"shipping-taxable","44":"product-type-simple"},"_links":{"self":[{"href":"https:\/\/store.handsomecake.com\/en\/wp-json\/wp\/v2\/product\/10173","targetHints":{"allow":["GET"]}}],"collection":[{"href":"https:\/\/store.handsomecake.com\/en\/wp-json\/wp\/v2\/product"}],"about":[{"href":"https:\/\/store.handsomecake.com\/en\/wp-json\/wp\/v2\/types\/product"}],"replies":[{"embeddable":true,"href":"https:\/\/store.handsomecake.com\/en\/wp-json\/wp\/v2\/comments?post=10173"}],"wp:featuredmedia":[{"embeddable":true,"href":"https:\/\/store.handsomecake.com\/en\/wp-json\/wp\/v2\/media\/10174"}],"wp:attachment":[{"href":"https:\/\/store.handsomecake.com\/en\/wp-json\/wp\/v2\/media?parent=10173"}],"wp:term":[{"taxonomy":"product_brand","embeddable":true,"href":"https:\/\/store.handsomecake.com\/en\/wp-json\/wp\/v2\/product_brand?post=10173"},{"taxonomy":"product_cat","embeddable":true,"href":"https:\/\/store.handsomecake.com\/en\/wp-json\/wp\/v2\/product_cat?post=10173"},{"taxonomy":"product_tag","embeddable":true,"href":"https:\/\/store.handsomecake.com\/en\/wp-json\/wp\/v2\/product_tag?post=10173"}],"curies":[{"name":"wp","href":"https:\/\/api.w.org\/{rel}","templated":true}]}}