{"id":10153,"date":"2022-02-21T20:25:22","date_gmt":"2022-02-21T20:25:22","guid":{"rendered":"https:\/\/store.handsomecake.com\/product\/league-of-legends-fiora-14-resin-statue-von-infinity-studio\/"},"modified":"2024-06-12T15:05:50","modified_gmt":"2024-06-12T15:05:50","slug":"league-of-legends-fiora-14-resin-statue-von-infinity-studio","status":"publish","type":"product","link":"https:\/\/store.handsomecake.com\/en\/product\/league-of-legends-fiora-14-resin-statue-von-infinity-studio\/","title":{"rendered":"League of Legends &#8211; Fiora | 1:4 Resin Statue | von Infinity Studio"},"content":{"rendered":"<p>League of Legends &#8211; Fiora &#8218; 1:4 Resin Statue &#8218; von Infinity Studio<\/p>\n<p>I do ship EU-wide, please contact me, should questions arise.<\/p>\n<p>Tolle Statue unserer geliebten Schwertmeisterin<br \/>\nWunderbar verarbeitete und sehr detaillierte Fiora B\u00fcste aus Polystone &#8211; k\u00fcnstlichem Stein-Harz-Gemisch.<\/p>\n<p><strong>Besonderheiten:<\/strong><\/p>\n<ul>\n<li>299 St\u00fcck weltweit<\/li>\n<\/ul>\n<p><strong>Release-Status:<\/strong><\/p>\n<ul>\n<li>Preorder. Statue wird voraussichtlich Q1 2023 released, wir erwarten sie im Lager sch\u00e4tzungsweise Ende Mai 2023.<\/li>\n<\/ul>\n<p>Wie immer bei meinen Artikeln\u00a0&#8211; s\u00e4mtliche Geb\u00fchren sind, im Gegensatz zu anderen Angeboten, bereits inkludiert. Versand erfolgt ausschlie\u00dflich aus Deutschland, es fallen keine Zoll- und Importgeb\u00fchren an. Ihr kauft keine Katze im Sack \ud83d\ude42<\/p>\n<p>Ma\u00dfe der Statue:<br \/>\nGr\u00f6\u00dfe: ca. 52cm x 49cm x 43cm<br \/>\nGewicht: ca. 12kg<\/p>\n<p>You are not prepared! \ud83d\ude42<\/p>","protected":false},"excerpt":{"rendered":"<p>League of Legends &#8211; Fiora &#8218; 1:4 Resin Statue &#8218; von Infinity Studio I do ship EU-wide, please contact me, should questions arise. Tolle Statue unserer geliebten Schwertmeisterin Wunderbar verarbeitete und sehr detaillierte Fiora B\u00fcste aus Polystone &#8211; k\u00fcnstlichem Stein-Harz-Gemisch. Besonderheiten: 299 St\u00fcck weltweit Release-Status: Preorder. Statue wird voraussichtlich Q1 2023 released, wir erwarten sie [&hellip;]<\/p>\n","protected":false},"featured_media":10154,"comment_status":"closed","ping_status":"closed","template":"","meta":[],"product_brand":[],"product_cat":[389,568,81],"product_tag":[976,977,978,979,980,612,663,664,666,717,794,662,640,658,479,147,251,795,390,972,973,392,974,975,394,154,255,136,137,379,381,552,665,380,382,547,718],"class_list":{"0":"post-10153","1":"product","2":"type-product","3":"status-publish","4":"has-post-thumbnail","6":"product_cat-league-of-legends","7":"product_cat-preorder","8":"product_cat-statuen-computerspieluniversum","9":"product_tag-ahri","10":"product_tag-ahri-collectible","11":"product_tag-ahri-figur","12":"product_tag-ahri-figurine","13":"product_tag-ahri-toys","14":"product_tag-anime","15":"product_tag-anime-figur-shop","16":"product_tag-anime-figuren-one-piece","17":"product_tag-anime-figuren-shop","18":"product_tag-anime-shop","19":"product_tag-anime-statue","20":"product_tag-anime-statue-shop","21":"product_tag-anime-statuen","22":"product_tag-anime-toys","23":"product_tag-collectible","24":"product_tag-collectibles","25":"product_tag-collectibles-kaufen","26":"product_tag-handsomecake","27":"product_tag-league-of-legends","28":"product_tag-league-of-legends-ahri","29":"product_tag-league-of-legends-ahri-toy","30":"product_tag-league-of-legends-collectibles","31":"product_tag-league-of-legends-resin","32":"product_tag-league-of-legends-statue","33":"product_tag-league-of-legends-statuen","34":"product_tag-resin-collectibles","35":"product_tag-resin-collectibles-kaufen","36":"product_tag-resin-statuen","37":"product_tag-resin-statuen-kaufen","38":"product_tag-statue-collectible","39":"product_tag-statue-collectibles","40":"product_tag-statue-collector","41":"product_tag-statuen-shop","42":"product_tag-statues-collectible","43":"product_tag-statues-collectibles","44":"product_tag-statues-collector","45":"product_tag-toys","46":"pa_brand-infinity-studio","47":"pa_scale-1_to_4","49":"first","50":"outofstock","51":"taxable","52":"shipping-taxable","53":"product-type-variable"},"_links":{"self":[{"href":"https:\/\/store.handsomecake.com\/en\/wp-json\/wp\/v2\/product\/10153","targetHints":{"allow":["GET"]}}],"collection":[{"href":"https:\/\/store.handsomecake.com\/en\/wp-json\/wp\/v2\/product"}],"about":[{"href":"https:\/\/store.handsomecake.com\/en\/wp-json\/wp\/v2\/types\/product"}],"replies":[{"embeddable":true,"href":"https:\/\/store.handsomecake.com\/en\/wp-json\/wp\/v2\/comments?post=10153"}],"wp:featuredmedia":[{"embeddable":true,"href":"https:\/\/store.handsomecake.com\/en\/wp-json\/wp\/v2\/media\/10154"}],"wp:attachment":[{"href":"https:\/\/store.handsomecake.com\/en\/wp-json\/wp\/v2\/media?parent=10153"}],"wp:term":[{"taxonomy":"product_brand","embeddable":true,"href":"https:\/\/store.handsomecake.com\/en\/wp-json\/wp\/v2\/product_brand?post=10153"},{"taxonomy":"product_cat","embeddable":true,"href":"https:\/\/store.handsomecake.com\/en\/wp-json\/wp\/v2\/product_cat?post=10153"},{"taxonomy":"product_tag","embeddable":true,"href":"https:\/\/store.handsomecake.com\/en\/wp-json\/wp\/v2\/product_tag?post=10153"}],"curies":[{"name":"wp","href":"https:\/\/api.w.org\/{rel}","templated":true}]}}