{"id":1010,"date":"2020-10-16T12:00:58","date_gmt":"2020-10-16T12:00:58","guid":{"rendered":"https:\/\/store.handsomecake.com\/?post_type=product&#038;p=1010"},"modified":"2024-06-12T14:38:17","modified_gmt":"2024-06-12T14:38:17","slug":"resident-evil-jill-valentine-14-resin-statue-vom-windseeker-studio","status":"publish","type":"product","link":"https:\/\/store.handsomecake.com\/en\/product\/resident-evil-jill-valentine-14-resin-statue-vom-windseeker-studio\/","title":{"rendered":"Resident Evil &#8211; Jill Valentine | 1:4 Resin Statue | vom Windseeker Studio"},"content":{"rendered":"<p>Resident Evil &#8211; Jill Valentine | 1:4 Resin Statue | vom Windseeker Studio<\/p>\n<p>I do ship EU-wide, please contact me, should questions arise.<\/p>\n<p>Tolle Statue unserer geliebten Jill Valentine<\/p>\n<p>Wunderbar verarbeitete und sehr detaillierte Jill Valentine Statue aus Polystone &#8211; k\u00fcnstlichem Stein-Harz-Gemisch.<\/p>\n<p>Besonderheiten:<\/p>\n<ul>\n<li>F\u00fcr Vorbesteller gibt es den RE1 Kopf<\/li>\n<\/ul>\n<p>Wie immer bei meinen Aktionen &#8211; s\u00e4mtliche Geb\u00fchren sind, im Gegensatz zu anderen Angeboten, bereits inkludiert. Versand erfolgt ausschlie\u00dflich aus Deutschland, es fallen keine Zoll- und Importgeb\u00fchren an. Ihr kauft keine Katze im Sack \ud83d\ude42<\/p>\n<p>Preis-Hinweis:<br \/>\nBei uns erhaltet ihr auf jeden Fall die Tiefstpreisgarantie &#8211; sollte beispielsweise der Versand, Zoll oder die Einfuhrumsatzsteuer am Ende, also wenn die Statue bei uns im Warenlager angekommen ist, geringer ausfallen, so leiten wir die Preisreduzierung 1:1 an euch weiter! Der Catfish Arthas war z.b. urspr\u00fcnglich f\u00fcr 1850\u20ac drin, Endpreis war 1569\u20ac.<\/p>\n<p>Ma\u00dfe der Statue: H55*W50*D45cm<br \/>\nGewicht: TBA, wir gehen aber von ca. 18-20kg aus<\/p>\n<p>You are not prepared! \ud83d\ude42<\/p>","protected":false},"excerpt":{"rendered":"<p>Resident Evil &#8211; Jill Valentine | 1:4 Resin Statue | vom Windseeker Studio I do ship EU-wide, please contact me, should questions arise. Tolle Statue unserer geliebten Jill Valentine Wunderbar verarbeitete und sehr detaillierte Jill Valentine Statue aus Polystone &#8211; k\u00fcnstlichem Stein-Harz-Gemisch. Besonderheiten: F\u00fcr Vorbesteller gibt es den RE1 Kopf Wie immer bei meinen Aktionen [&hellip;]<\/p>\n","protected":false},"featured_media":1024,"comment_status":"closed","ping_status":"closed","template":"","meta":[],"product_brand":[],"product_cat":[82,81],"product_tag":[147,215,217,216,187,189,188,154,136,137],"class_list":{"0":"post-1010","1":"product","2":"type-product","3":"status-publish","4":"has-post-thumbnail","6":"product_cat-resident-evil","7":"product_cat-statuen-computerspieluniversum","8":"product_tag-collectibles","9":"product_tag-jill-valentine","10":"product_tag-jill-valentine-collectibles","11":"product_tag-jill-valentine-statue","12":"product_tag-resident-evil","13":"product_tag-resident-evil-collectibles","14":"product_tag-resident-evil-statuen","15":"product_tag-resin-collectibles","16":"product_tag-resin-statuen","17":"product_tag-resin-statuen-kaufen","18":"pa_brand-windseeker-stormspace","19":"pa_scale-1_to_4","21":"first","22":"instock","23":"product-type-variable"},"_links":{"self":[{"href":"https:\/\/store.handsomecake.com\/en\/wp-json\/wp\/v2\/product\/1010","targetHints":{"allow":["GET"]}}],"collection":[{"href":"https:\/\/store.handsomecake.com\/en\/wp-json\/wp\/v2\/product"}],"about":[{"href":"https:\/\/store.handsomecake.com\/en\/wp-json\/wp\/v2\/types\/product"}],"replies":[{"embeddable":true,"href":"https:\/\/store.handsomecake.com\/en\/wp-json\/wp\/v2\/comments?post=1010"}],"wp:featuredmedia":[{"embeddable":true,"href":"https:\/\/store.handsomecake.com\/en\/wp-json\/wp\/v2\/media\/1024"}],"wp:attachment":[{"href":"https:\/\/store.handsomecake.com\/en\/wp-json\/wp\/v2\/media?parent=1010"}],"wp:term":[{"taxonomy":"product_brand","embeddable":true,"href":"https:\/\/store.handsomecake.com\/en\/wp-json\/wp\/v2\/product_brand?post=1010"},{"taxonomy":"product_cat","embeddable":true,"href":"https:\/\/store.handsomecake.com\/en\/wp-json\/wp\/v2\/product_cat?post=1010"},{"taxonomy":"product_tag","embeddable":true,"href":"https:\/\/store.handsomecake.com\/en\/wp-json\/wp\/v2\/product_tag?post=1010"}],"curies":[{"name":"wp","href":"https:\/\/api.w.org\/{rel}","templated":true}]}}