{"id":10062,"date":"2022-02-09T16:51:35","date_gmt":"2022-02-09T16:51:35","guid":{"rendered":"https:\/\/store.handsomecake.com\/product\/overwatch-dva-14-resin-statue-von-miro-studio\/"},"modified":"2024-06-12T15:05:32","modified_gmt":"2024-06-12T15:05:32","slug":"overwatch-dva-14-resin-statue-von-miro-studio","status":"publish","type":"product","link":"https:\/\/store.handsomecake.com\/en\/product\/overwatch-dva-14-resin-statue-von-miro-studio\/","title":{"rendered":"Overwatch &#8211; DVa | 1:4 Resin Statue | von Miro Studio"},"content":{"rendered":"<p>Overwatch &#8211; DVa &#8218; 1:4 Resin Statue &#8218; von Miro Studio<\/p>\n<p>EU Taxfree! I do ship EU-wide, please contact me, should questions arise.<\/p>\n<p>Tolle Statue unserer geliebten Mechpilotin<br \/>\nWunderbar verarbeitete und sehr detaillierte Statue von DVa aus Polystone &#8211; k\u00fcnstlichem Stein-Harz-Gemisch.<\/p>\n<p>Besonderheiten:<\/p>\n<ul>\n<li>weltweit auf 99 St\u00fcck begrenzt<\/li>\n<\/ul>\n<p>Release-Status:<\/p>\n<ul>\n<li>Preorder. Statue wird sch\u00e4tzungsweise Q4 2022 released. Wir erwarten sie bei uns im Lager gegen Ende Februar 2023.<\/li>\n<\/ul>\n<p>Wie immer bei meinen Artikeln &#8211; s\u00e4mtliche Geb\u00fchren sind, im Gegensatz zu anderen Angeboten, bereits inkludiert. Versand erfolgt ausschlie\u00dflich aus Deutschland, es fallen keine Zoll- und Importgeb\u00fchren an. Ihr kauft keine Katze im Sack \ud83d\ude42<\/p>\n<p>Ma\u00dfe der Statue:<br \/>\nGr\u00f6\u00dfe: H48cm x W28cm x D20cm<br \/>\nGewicht: TBA, gesch\u00e4tzt: ca. 12 kg<\/p>\n<p>You are not prepared! \ud83d\ude42<\/p>","protected":false},"excerpt":{"rendered":"<p>Overwatch &#8211; DVa &#8218; 1:4 Resin Statue &#8218; von Miro Studio EU Taxfree! I do ship EU-wide, please contact me, should questions arise. Tolle Statue unserer geliebten Mechpilotin Wunderbar verarbeitete und sehr detaillierte Statue von DVa aus Polystone &#8211; k\u00fcnstlichem Stein-Harz-Gemisch. Besonderheiten: weltweit auf 99 St\u00fcck begrenzt Release-Status: Preorder. Statue wird sch\u00e4tzungsweise Q4 2022 released. [&hellip;]<\/p>\n","protected":false},"featured_media":10076,"comment_status":"closed","ping_status":"closed","template":"","meta":[],"product_brand":[],"product_cat":[524,568,81],"product_tag":[612,656,666,657,717,662,147,383,542,549,548,795,541,544,543,546,545,154,255,136,137,379,381,380,382,547],"class_list":{"0":"post-10062","1":"product","2":"type-product","3":"status-publish","4":"has-post-thumbnail","6":"product_cat-overwatch","7":"product_cat-preorder","8":"product_cat-statuen-computerspieluniversum","9":"product_tag-anime","10":"product_tag-anime-collectibles","11":"product_tag-anime-figuren-shop","12":"product_tag-anime-figures","13":"product_tag-anime-shop","14":"product_tag-anime-statue-shop","15":"product_tag-collectibles","16":"product_tag-collector","17":"product_tag-dva","18":"product_tag-dva-figure","19":"product_tag-dva-statue","20":"product_tag-handsomecake","21":"product_tag-overwatch","22":"product_tag-overwatch-collectibles","23":"product_tag-overwatch-dva","24":"product_tag-overwatch-figures","25":"product_tag-overwatch-resin","26":"product_tag-resin-collectibles","27":"product_tag-resin-collectibles-kaufen","28":"product_tag-resin-statuen","29":"product_tag-resin-statuen-kaufen","30":"product_tag-statue-collectible","31":"product_tag-statue-collectibles","32":"product_tag-statues-collectible","33":"product_tag-statues-collectibles","34":"product_tag-statues-collector","35":"pa_brand-miro-studio","36":"pa_scale-1_to_4","38":"first","39":"instock","40":"taxable","41":"shipping-taxable","42":"product-type-variable"},"_links":{"self":[{"href":"https:\/\/store.handsomecake.com\/en\/wp-json\/wp\/v2\/product\/10062","targetHints":{"allow":["GET"]}}],"collection":[{"href":"https:\/\/store.handsomecake.com\/en\/wp-json\/wp\/v2\/product"}],"about":[{"href":"https:\/\/store.handsomecake.com\/en\/wp-json\/wp\/v2\/types\/product"}],"replies":[{"embeddable":true,"href":"https:\/\/store.handsomecake.com\/en\/wp-json\/wp\/v2\/comments?post=10062"}],"wp:featuredmedia":[{"embeddable":true,"href":"https:\/\/store.handsomecake.com\/en\/wp-json\/wp\/v2\/media\/10076"}],"wp:attachment":[{"href":"https:\/\/store.handsomecake.com\/en\/wp-json\/wp\/v2\/media?parent=10062"}],"wp:term":[{"taxonomy":"product_brand","embeddable":true,"href":"https:\/\/store.handsomecake.com\/en\/wp-json\/wp\/v2\/product_brand?post=10062"},{"taxonomy":"product_cat","embeddable":true,"href":"https:\/\/store.handsomecake.com\/en\/wp-json\/wp\/v2\/product_cat?post=10062"},{"taxonomy":"product_tag","embeddable":true,"href":"https:\/\/store.handsomecake.com\/en\/wp-json\/wp\/v2\/product_tag?post=10062"}],"curies":[{"name":"wp","href":"https:\/\/api.w.org\/{rel}","templated":true}]}}