{"id":10019,"date":"2022-02-02T14:10:40","date_gmt":"2022-02-02T14:10:40","guid":{"rendered":"https:\/\/store.handsomecake.com\/product\/final-fantasy-sephiroth-14-resin-statue-von-ekon-studio\/"},"modified":"2024-11-06T15:25:22","modified_gmt":"2024-11-06T15:25:22","slug":"final-fantasy-sephiroth-14-resin-statue-von-ekon-studio","status":"publish","type":"product","link":"https:\/\/store.handsomecake.com\/en\/product\/final-fantasy-sephiroth-14-resin-statue-von-ekon-studio\/","title":{"rendered":"Final Fantasy &#8211; Sephiroth | 1:4 Resin Statue | von Ekon Studio"},"content":{"rendered":"<p>Final Fantasy &#8211; Sephiroth &#8218; 1:4 Resin Statue &#8218; von Ekon Studio<\/p>\n<p>EU Taxfree! I do ship EU-wide, please contact me, should questions arise.<\/p>\n<p>Tolle Statue des charismatischen Antagonisten aus Final Fantasy 7<br \/>\nWunderbar verarbeitete und sehr detaillierte Sephiroth aus Polystone &#8211; k\u00fcnstlichem Stein-Harz-Gemisch.<\/p>\n<p><strong>Besonderheiten:<\/strong><\/p>\n<ul>\n<li>keine<\/li>\n<\/ul>\n<p><strong>Release-Status:<\/strong><\/p>\n<ul>\n<li>In Stock<\/li>\n<\/ul>\n<p>Wie immer bei meinen Artikeln &#8211; s\u00e4mtliche Geb\u00fchren sind, im Gegensatz zu anderen Angeboten, bereits inkludiert. Versand erfolgt ausschlie\u00dflich aus Deutschland, es fallen keine Zoll- und Importgeb\u00fchren an. Ihr kauft keine Katze im Sack \ud83d\ude42<\/p>\n<p>Ma\u00dfe der Statue:<br \/>\nGr\u00f6\u00dfe: H78cm x W64cm x D64cm<br \/>\nGewicht: TBA, gesch\u00e4tzt: ca. 22 kg<\/p>\n<p>You are not prepared! \ud83d\ude42<\/p>\n<p><strong>Passendes Unboxing Video dazu:<\/strong><\/p>\n<p><iframe title=\"1\/4 Scale Sephrioth Unboxing | Ekon Studio\" width=\"980\" height=\"551\" src=\"https:\/\/www.youtube.com\/embed\/skA7j0CH1hs?feature=oembed\" frameborder=\"0\" allow=\"accelerometer; autoplay; clipboard-write; encrypted-media; gyroscope; picture-in-picture; web-share\" allowfullscreen><\/iframe><\/p>","protected":false},"excerpt":{"rendered":"<p>Final Fantasy &#8211; Sephiroth &#8218; 1:4 Resin Statue &#8218; von Ekon Studio EU Taxfree! I do ship EU-wide, please contact me, should questions arise. Tolle Statue des charismatischen Antagonisten aus Final Fantasy 7 Wunderbar verarbeitete und sehr detaillierte Sephiroth aus Polystone &#8211; k\u00fcnstlichem Stein-Harz-Gemisch. Besonderheiten: keine Release-Status: Lagernd vor Ort Wie immer bei meinen Artikeln [&hellip;]<\/p>\n","protected":false},"featured_media":10026,"comment_status":"closed","ping_status":"closed","template":"","meta":[],"product_brand":[],"product_cat":[197,826,81,567],"product_tag":[612,663,664,794,662,640,658,147,251,198,201,199,822,823,200,795,154,136,137,379,381,665,380,382,718],"class_list":{"0":"post-10019","1":"product","2":"type-product","3":"status-publish","4":"has-post-thumbnail","6":"product_cat-final-fantasy","7":"product_cat-lagernd-vor-ort","8":"product_cat-statuen-computerspieluniversum","9":"product_cat-in_stock_warehouse_china","10":"product_tag-anime","11":"product_tag-anime-figur-shop","12":"product_tag-anime-figuren-one-piece","13":"product_tag-anime-statue","14":"product_tag-anime-statue-shop","15":"product_tag-anime-statuen","16":"product_tag-anime-toys","17":"product_tag-collectibles","18":"product_tag-collectibles-kaufen","19":"product_tag-final-fantasy","20":"product_tag-final-fantasy-7-remake","21":"product_tag-final-fantasy-collectibles","22":"product_tag-final-fantasy-resin","23":"product_tag-final-fantasy-resin-statue","24":"product_tag-final-fantasy-statuen","25":"product_tag-handsomecake","26":"product_tag-resin-collectibles","27":"product_tag-resin-statuen","28":"product_tag-resin-statuen-kaufen","29":"product_tag-statue-collectible","30":"product_tag-statue-collectibles","31":"product_tag-statuen-shop","32":"product_tag-statues-collectible","33":"product_tag-statues-collectibles","34":"product_tag-toys","35":"pa_brand-ekon-studio","36":"pa_scale-1_to_4","38":"first","39":"instock","40":"sale","41":"taxable","42":"shipping-taxable","43":"product-type-simple"},"_links":{"self":[{"href":"https:\/\/store.handsomecake.com\/en\/wp-json\/wp\/v2\/product\/10019","targetHints":{"allow":["GET"]}}],"collection":[{"href":"https:\/\/store.handsomecake.com\/en\/wp-json\/wp\/v2\/product"}],"about":[{"href":"https:\/\/store.handsomecake.com\/en\/wp-json\/wp\/v2\/types\/product"}],"replies":[{"embeddable":true,"href":"https:\/\/store.handsomecake.com\/en\/wp-json\/wp\/v2\/comments?post=10019"}],"wp:featuredmedia":[{"embeddable":true,"href":"https:\/\/store.handsomecake.com\/en\/wp-json\/wp\/v2\/media\/10026"}],"wp:attachment":[{"href":"https:\/\/store.handsomecake.com\/en\/wp-json\/wp\/v2\/media?parent=10019"}],"wp:term":[{"taxonomy":"product_brand","embeddable":true,"href":"https:\/\/store.handsomecake.com\/en\/wp-json\/wp\/v2\/product_brand?post=10019"},{"taxonomy":"product_cat","embeddable":true,"href":"https:\/\/store.handsomecake.com\/en\/wp-json\/wp\/v2\/product_cat?post=10019"},{"taxonomy":"product_tag","embeddable":true,"href":"https:\/\/store.handsomecake.com\/en\/wp-json\/wp\/v2\/product_tag?post=10019"}],"curies":[{"name":"wp","href":"https:\/\/api.w.org\/{rel}","templated":true}]}}