{"id":10,"date":"2020-02-17T16:33:56","date_gmt":"2020-02-17T16:33:56","guid":{"rendered":"https:\/\/store.handsomecake.com\/?post_type=product&#038;p=10"},"modified":"2024-08-13T00:20:15","modified_gmt":"2024-08-13T00:20:15","slug":"warcraft-3-reforged-collectors-edition","status":"publish","type":"product","link":"https:\/\/store.handsomecake.com\/en\/product\/warcraft-3-reforged-collectors-edition\/","title":{"rendered":"Warcraft 3: Reforged Collectors Edition"},"content":{"rendered":"<p>Warcraft 3 Reforged Collectors Edition bei HandsomeCake Goodies kaufen.<\/p>\n<div class=\"col col-md-12 order-1\">\n<div class=\"content__description mb0\">\n<p>We do ship worldwide, please contact us for detailed shipping cost or other necessary information. We ship from Germany, so there are no hidden costs like Customs.<\/p>\n<p>Warcraft III Reforged: Wundervolle Arthas Statue<\/p>\n<p>Der Versand erfolgt ausschlie\u00dflich aus Deutschland, die Ware ist vollst\u00e4ndig verzollt und es erwarten Sie keine versteckten Geb\u00fchren.<\/p>\n<p><strong>Physische Inhalte:<\/strong><\/p>\n<ul>\n<li>Arthas Statue (ca. 25x17x17 cm)<\/li>\n<li>Giftcard mit virtuellen Inhalten (sh. weiter unten)<\/li>\n<li>Allianzpin<\/li>\n<li>Hochaufl\u00f6sende Postkarten mit Spielmotiven<\/li>\n<li>keine (!!!) Spiel-CD dabei<\/li>\n<\/ul>\n<p><strong>Virtuelle Inhalte:<\/strong><\/p>\n<ul>\n<li>WoW Mount<\/li>\n<li>Hearthstone Kartenr\u00fccken<\/li>\n<li>HotS Heldenskins<\/li>\n<\/ul>\n<div><strong>Verpackung:<\/strong><\/div>\n<div>Die Box wird von uns pers\u00f6nlich nicht ausgepackt und sehr vorsichtig behandelt, es kann jedoch vorkommen, dass beispielsweise der Zoll oder chinesischer Versandpartner die Boxen aufmacht, um auf Vollst\u00e4ndigkeit zu pr\u00fcfen. Eine blitzeblanke, staubfreie und ohne winzige Kratzer, Box k\u00f6nnen wir also nicht garantieren. Bitte bieten\/kaufen Sie nur, wenn Sie damit einverstanden sind.<\/div>\n<div><\/div>\n<p>Wir versenden weltweit, die Preise f\u00fcr den weltweiten Versand sind nur Richtwerte und k\u00f6nnen individuell angefragt werden. F\u00fcr deutschlandweiten und EU-weiten Versand sind die Preise genau.<\/p>\n<p>Bitte beachten Sie, dass dieser Artikel exklusiv f\u00fcr den Chinesischen Markt erschienen ist, die Box wird also chinesische Sprache aufweisen.<\/p>\n<\/div>\n<\/div>\n<div class=\"col col-md-12 order-2\">\n<div class=\"content__bulletpoints\">\n<ul class=\"bulletpoints__list\">\n<li class=\"bulletpoints__item\"><i class=\"fa fa-check\" aria-hidden=\"true\"><\/i>\u00a0Packungsma\u00dfe: 49 x 25 x 58 cm<\/li>\n<li class=\"bulletpoints__item\"><i class=\"fa fa-check\" aria-hidden=\"true\"><\/i>\u00a0Gewicht: 4.55 kg<\/li>\n<li class=\"bulletpoints__item\"><i class=\"fa fa-check\" aria-hidden=\"true\"><\/i>\u00a0Version: China (gibt keine anderen Versionen)<\/li>\n<\/ul>\n<p><strong>Unser Unboxing dazu:<\/strong><\/p>\n<p><iframe title=\"Warcraft 3: Reforged - Collector&#039;s Edition Unboxing\" width=\"980\" height=\"551\" src=\"https:\/\/www.youtube.com\/embed\/aMeDMbOMHjo?feature=oembed\" frameborder=\"0\" allow=\"accelerometer; autoplay; clipboard-write; encrypted-media; gyroscope; picture-in-picture; web-share\" allowfullscreen><\/iframe><\/p>\n<\/div>\n<\/div>","protected":false},"excerpt":{"rendered":"<p>Warcraft III Reforged: Wundervolle Arthas Statue<\/p>","protected":false},"featured_media":11,"comment_status":"open","ping_status":"closed","template":"","meta":[],"product_brand":[],"product_cat":[17],"product_tag":[20,23,18,19,21,22],"class_list":{"0":"post-10","1":"product","2":"type-product","3":"status-publish","4":"has-post-thumbnail","6":"product_cat-collectors-editions","7":"product_tag-collectors-edition","8":"product_tag-collectors-edition-kaufen","9":"product_tag-warcraft-3","10":"product_tag-warcraft-3-reforged","11":"product_tag-warcraft-3-reforged-collectors-edition","12":"product_tag-warcraft-3-reforged-collectors-edition-kaufen","13":"pa_scale-2125","15":"first","16":"instock","17":"sale","18":"taxable","19":"shipping-taxable","20":"product-type-simple"},"_links":{"self":[{"href":"https:\/\/store.handsomecake.com\/en\/wp-json\/wp\/v2\/product\/10","targetHints":{"allow":["GET"]}}],"collection":[{"href":"https:\/\/store.handsomecake.com\/en\/wp-json\/wp\/v2\/product"}],"about":[{"href":"https:\/\/store.handsomecake.com\/en\/wp-json\/wp\/v2\/types\/product"}],"replies":[{"embeddable":true,"href":"https:\/\/store.handsomecake.com\/en\/wp-json\/wp\/v2\/comments?post=10"}],"wp:featuredmedia":[{"embeddable":true,"href":"https:\/\/store.handsomecake.com\/en\/wp-json\/wp\/v2\/media\/11"}],"wp:attachment":[{"href":"https:\/\/store.handsomecake.com\/en\/wp-json\/wp\/v2\/media?parent=10"}],"wp:term":[{"taxonomy":"product_brand","embeddable":true,"href":"https:\/\/store.handsomecake.com\/en\/wp-json\/wp\/v2\/product_brand?post=10"},{"taxonomy":"product_cat","embeddable":true,"href":"https:\/\/store.handsomecake.com\/en\/wp-json\/wp\/v2\/product_cat?post=10"},{"taxonomy":"product_tag","embeddable":true,"href":"https:\/\/store.handsomecake.com\/en\/wp-json\/wp\/v2\/product_tag?post=10"}],"curies":[{"name":"wp","href":"https:\/\/api.w.org\/{rel}","templated":true}]}}