{"id":67,"date":"2020-02-17T18:21:58","date_gmt":"2020-02-17T18:21:58","guid":{"rendered":"https:\/\/store.handsomecake.com\/?page_id=67"},"modified":"2025-07-09T09:08:36","modified_gmt":"2025-07-09T09:08:36","slug":"agb","status":"publish","type":"page","link":"https:\/\/store.handsomecake.com\/en\/agb\/","title":{"rendered":"AGB"},"content":{"rendered":"<p>Allgemeine Gesch\u00e4ftsbedingungen der Firma Anton Kostin Computerspiele<\/p>\n\n\n\n<h2 class=\"wp-block-heading\">\u00a71 Geltung gegen\u00fcber Unternehmern und Begriffsdefinitionen<\/h2>\n\n\n\n<p>(1) Die nachfolgenden Allgemeinen Gesch\u00e4ftbedingungen gelten f\u00fcr alle Lieferungen zwischen uns und einem Verbraucher in ihrer zum Zeitpunkt der Bestellung g\u00fcltigen Fassung.<\/p>\n\n\n\n<p>Verbraucher ist jede nat\u00fcrliche Person, die ein Rechtsgesch\u00e4ft zu Zwecken abschlie\u00dft, die \u00fcberwiegend weder ihrer gewerblichen noch ihrer selbst\u00e4ndigen beruflichen T\u00e4tigkeit zugerechnet werden k\u00f6nnen (\u00a7 13 BGB).<\/p>\n\n\n\n<h2 class=\"wp-block-heading\">\u00a72 Zustandekommen eines Vertrages, Speicherung des Vertragstextes<\/h2>\n\n\n\n<p>(1) Die folgenden Regelungen \u00fcber den Vertragsabschluss gelten f\u00fcr Bestellungen \u00fcber unseren Internetshop https:\/\/store.handsomecake.com .<\/p>\n\n\n\n<p><strong>(2) Im Falle des Vertragsschlusses kommt der Vertrag mit<br><br>Anton Kostin Computerspiele<br>Bittenfelderweg 1<br>D-70437 Stuttgart<br><br>zustande.<br><\/strong><br>(3) Die Pr\u00e4sentation der Waren in unserem Internetshop stellen kein rechtlich bindendes Vertragsangebot unsererseits dar, sondern sind nur eine unverbindliche Aufforderungen an den Verbraucher, Waren zu bestellen. Mit der Bestellung der gew\u00fcnschten Ware gibt der Verbraucher ein f\u00fcr ihn verbindliches Angebot auf Abschluss eines Kaufvertrages ab.<br><\/p>\n\n\n\n<p>(4) Bei Eingang einer Bestellung in unserem Internetshop gelten folgende Regelungen: Der Verbraucher gibt ein bindendes Vertragsangebot ab, indem er die in unserem Internetshop vorgesehene Bestellprozedur erfolgreich durchl\u00e4uft.<\/p>\n\n\n\n<p>Die Bestellung erfolgt in folgenden Schritten:<\/p>\n\n\n\n<p>1) Auswahl der gew\u00fcnschten Ware<br>2) Best\u00e4tigen durch Anklicken der Buttons \u201eBestellen\u201c<br>3) Pr\u00fcfung der Angaben im Warenkorb<br>4) Bet\u00e4tigung des Buttons \u201ezur Kasse\u201c<br>5) Anmeldung im Internetshop nach Registrierung und Eingabe der Anmelderangaben (E-Mail-Adresse und Passwort).<br>6) Nochmalige Pr\u00fcfung bzw. Berichtigung der jeweiligen eingegebenen Daten.<br>7) Verbindliche Absendung der Bestellung durch Anklicken des Buttons \u201ekostenpflichtig bestellen\u201c bzw. \u201ekaufen\u201c<\/p>\n\n\n\n<p>Der Verbraucher kann vor dem verbindlichen Absenden der Bestellung durch Bet\u00e4tigen der in dem von ihm verwendeten Internet-Browser enthaltenen \u201eZur\u00fcck\u201c-Taste nach Kontrolle seiner Angaben wieder zu der Internetseite gelangen, auf der die Angaben des Kunden erfasst werden und Eingabefehler berichtigen bzw. durch Schlie\u00dfen des Internetbrowsers den Bestellvorgang abbrechen. Wir best\u00e4tigen den Eingang der Bestellung unmittelbar durch eine automatisch generierte E-Mail (\u201eAuftragsbest\u00e4tigung\u201c). Mit dieser nehmen wir Ihr Angebot an.<\/p>\n\n\n\n<p>(5) Speicherung des Vertragstextes bei Bestellungen \u00fcber unseren Internetshop : Wir speichern den Vertragstext und senden Ihnen die Bestelldaten und unsere AGB per E-Mail zu. Die AGB k\u00f6nnen Sie jederzeit auch unter https:\/\/store.handsomecake.com\/agb\/ einsehen. Ihre vergangenen Bestellungen k\u00f6nnen Sie in unserem Kunden-Bereich unter Mein Konto &#8211;&gt; Meine Bestellungen einsehen.<\/p>\n\n\n\n<h2 class=\"wp-block-heading\">\u00a73 Preise, Versandkosten, Zahlung, F\u00e4lligkeit<\/h2>\n\n\n\n<p>(1) Die angegebenen Preise enthalten die gesetzliche Umsatzsteuer und sonstige Preisbestandteile. Hinzu kommen etwaige Versandkosten.<\/p>\n\n\n\n<p>(2) Der Verbraucher hat die M\u00f6glichkeit der Zahlung per Vorkasse, Bankeinzug, PayPal, Kreditkarte( Visa, Mastercard ) .<\/p>\n\n\n\n<p>(3) Hat der Verbraucher die Zahlung per Vorkasse gew\u00e4hlt, so verpflichtet er sich, den Kaufpreis unverz\u00fcglich nach Vertragsschluss zu zahlen.<\/p>\n\n\n\n<h2 class=\"wp-block-heading\">\u00a74 Lieferung<\/h2>\n\n\n\n<p>(1) Sofern wir dies in der Produktbeschreibung nicht deutlich anders angegeben haben, sind alle von uns angebotenen Artikel sofort versandfertig. Die Lieferung erfolgt hier sp\u00e4testen innerhalb von 5 Werktagen. Dabei beginnt die Frist f\u00fcr die Lieferung im Falle der Zahlung per Vorkasse am Tag nach Zahlungsauftrag an die mit der \u00dcberweisung beauftragte Bank und bei allen anderen Zahlungsarten am Tag nach Vertragsschluss zu laufen. F\u00e4llt das Fristende auf einen Samstag, Sonntag oder gesetzlichen Feiertag am Lieferort, so endet die Frist am n\u00e4chsten Werktag.<\/p>\n\n\n\n<p>(2) Ist aus der Produktbeschreibung ersichtlich, dass der Artikel ein Vorbestellerartikel ist, dann gilt dieser auch nach Ablauf des angegebenen Datums weiterhin als Vorbestellerartikel und als noch nicht lieferbar.<\/p>\n\n\n\n<p>(3) Lieferverz\u00f6gerungen, welche wir nicht zu vertreten haben (z.B. Verz\u00f6gerung in der Produktion) sind kein akzeptierter R\u00fccktrittsgrund f\u00fcr gewerbliche Kunden und Unternehmer. <\/p>\n\n\n\n<p>(4) Die Gefahr des zuf\u00e4lligen Untergangs und der zuf\u00e4lligen Verschlechterung der verkauften Sache geht auch beim Versendungskauf erst mit der \u00dcbergabe der Sache an den K\u00e4ufer auf diesen \u00fcber.<\/p>\n\n\n\n<h2 class=\"wp-block-heading\">\u00a75 Eigentumsvorbehalt<\/h2>\n\n\n\n<p>Wir behalten uns das Eigentum an der Ware bis zur vollst\u00e4ndigen Bezahlung des Kaufpreises vor.<\/p>\n\n\n\n<h2 class=\"wp-block-heading\">\u00a76&nbsp;Vorbestellungen, Lieferzeiten und R\u00fccktrittsrecht<\/h2>\n\n\n\n<p><strong>Vorbestellungen, unverbindliche Lieferzeiten, Ausschluss des R\u00fccktrittsrechts vor Lieferung<\/strong><\/p>\n\n\n\n<p>(1) Bei bestimmten Artikeln handelt es sich um ausdr\u00fccklich als \u201eVorbestellung\u201c gekennzeichnete Produkte. Diese befinden sich zum Zeitpunkt des Vertragsschlusses entweder noch in der Entwicklung, Produktion oder in einem vorgelagerten Importprozess. Der Kunde erkennt an, dass solche Artikel&nbsp;<strong>nicht sofort verf\u00fcgbar<\/strong>&nbsp;sind.<\/p>\n\n\n\n<p>(2) F\u00fcr Vorbestellungen angegebene Liefertermine (z.\u202fB. \u201evoraussichtlich im 4. Quartal 2026\u201c) sind&nbsp;<strong>unverbindlich<\/strong>&nbsp;und stellen&nbsp;<strong>keine kalenderm\u00e4\u00dfig bestimmte Lieferfrist<\/strong>&nbsp;im Sinne des \u00a7\u202f286 Abs.\u202f2 Nr.\u202f1 BGB dar. Sie beruhen auf internen Planungen oder den Angaben von Vorlieferanten und k\u00f6nnen sich jederzeit verschieben.<\/p>\n\n\n\n<p>(3) Ein R\u00fccktritt des Kunden vom Vertrag vor Auslieferung der Ware ist ausgeschlossen,&nbsp;<strong>sofern keine zwingenden gesetzlichen Gr\u00fcnde<\/strong>&nbsp;vorliegen. Insbesondere&nbsp;<strong>stellt eine Verz\u00f6gerung der Lieferzeit bei Vorbestellungen grunds\u00e4tzlich keinen R\u00fccktrittsgrund dar<\/strong>, solange die Ware innerhalb von&nbsp;<strong>36 Monaten<\/strong>&nbsp;nach Vertragsschluss geliefert werden kann.<\/p>\n\n\n\n<p>(4) Ein wirksamer R\u00fccktritt nach \u00a7\u202f323 BGB setzt voraus, dass uns durch den Kunden&nbsp;<strong>schriftlich eine angemessene Frist zur Lieferung<\/strong>&nbsp;gesetzt wurde, die&nbsp;<strong>realistisch erf\u00fcllbar<\/strong>&nbsp;ist. Eine Fristsetzung ist unwirksam, wenn feststeht, dass eine Lieferung innerhalb dieser Frist objektiv nicht m\u00f6glich ist (vgl. BGH, Urt. v. 15.03.2006 \u2013 VIII ZR 123\/05).<\/p>\n\n\n\n<p>(5) Macht der Kunde dennoch ohne Vorliegen eines gesetzlichen R\u00fccktrittsrechts von sich aus eine Stornierung geltend, behalten wir uns vor, diese abzulehnen oder eine R\u00fcckabwicklung nur gegen Abzug der uns&nbsp;<strong>bereits entstandenen und nicht mehr stornierbaren Aufwendungen<\/strong>&nbsp;aus Kulanz zu akzeptieren. Dazu z\u00e4hlen insbesondere:<\/p>\n\n\n\n<ul class=\"wp-block-list\">\n<li>nicht r\u00fcckerstattbare Transaktionskosten (z.\u202fB. Zahlungsdienstleistergeb\u00fchren),<\/li>\n\n\n\n<li>bereits an Hersteller oder Vorlieferanten weitergeleitete Anzahlungen oder Produktionskosten,<\/li>\n\n\n\n<li>individuell f\u00fcr die Kundenbestellung beschaffte Materialien oder Sonderposten.<\/li>\n<\/ul>\n\n\n\n<p>Der Kunde erkl\u00e4rt sich bei Vorbestellungen ausdr\u00fccklich damit einverstanden, dass bestimmte Kosten bereits vor Verf\u00fcgbarkeit des Produkts entstehen k\u00f6nnen, die im Falle einer vom Kunden gew\u00fcnschten Stornierung nicht erstattungsf\u00e4hig sind.<\/p>\n\n\n\n<p>(6) Das gesetzliche Widerrufsrecht gem\u00e4\u00df \u00a7\u202f355 BGB bleibt hiervon unber\u00fchrt. Die Widerrufsfrist beginnt jedoch&nbsp;<strong>erst mit Zugang der Ware<\/strong>&nbsp;beim Kunden.<\/p>\n\n\n\n<h2 class=\"wp-block-heading\">\u00a77. Annahmeverzug und erneuter Versand<\/h2>\n\n\n\n<p>(1) Der Kunde ist verpflichtet, die ordnungsgem\u00e4\u00df bestellte Ware zum vereinbarten oder angek\u00fcndigten Liefertermin entgegenzunehmen. Sollte eine Zustellung \u2013 insbesondere bei Speditionsversand \u2013 mehrfach scheitern, weil der Kunde nicht erreichbar ist oder die Annahme verweigert, ohne hierzu berechtigt zu sein, ger\u00e4t der Kunde in Annahmeverzug.<\/p>\n\n\n\n<p>(2) Im Falle des Annahmeverzugs hat der Kunde die uns hierdurch entstehenden Mehrkosten, insbesondere die R\u00fccksendekosten sowie die Kosten f\u00fcr einen erneuten Versand, zu tragen. Dies gilt nicht, wenn der Kunde die Nichtannahme nicht zu vertreten hat.<\/p>\n\n\n\n<p>(3) Ein erneuter Versand der Ware erfolgt ausschlie\u00dflich nach Zahlung der hierf\u00fcr anfallenden Versandkosten durch den Kunden im Voraus.<\/p>\n\n\n\n<p>(4) Wir behalten uns vor, im Falle eines Annahmeverzugs nach Ablauf einer angemessenen Frist vom Vertrag zur\u00fcckzutreten und Schadenersatz geltend zu machen.<\/p>\n\n\n\n<h2 class=\"wp-block-heading\">\u00a7\u202f8 Ausschluss des Widerrufsrechts bei individueller Beschaffung aus dem Ausland<\/h2>\n\n\n\n<p>(1) F\u00fcr bestimmte Artikel, insbesondere Resin-Statuen und Sammlerst\u00fccke, besteht kein Widerrufsrecht gem\u00e4\u00df \u00a7\u202f355 BGB, sofern sie auf ausdr\u00fccklichen Kundenwunsch hin individuell beschafft werden und nicht auf Lager gehalten werden.<br>Diese Artikel sind im Shop als&nbsp;<strong>\u201eVorbestellung\u201c oder \u201eindividuelle Bestellung\u201c<\/strong>&nbsp;gekennzeichnet. Auch wenn die Ware beim Hersteller oder H\u00e4ndler im Ausland (z.\u202fB. in China) bereits erschienen ist, erfolgt die Bestellung und Bezahlung dieser Artikel durch uns&nbsp;<strong>erst nach Vertragsschluss mit dem Kunden<\/strong>. Eine Lagerhaltung erfolgt nicht.<\/p>\n\n\n\n<p>(2) Die Beschaffung ist mit nicht r\u00fcckholbaren Aufwendungen verbunden, wie z.\u202fB. Herstelleranzahlungen, Logistik- und Zollkosten oder Kommissionsabsprachen, die ausschlie\u00dflich auf Grundlage des Kundenvertrags ausgel\u00f6st werden. Der Kunde erkl\u00e4rt sich mit Abschluss des Kaufvertrags ausdr\u00fccklich damit einverstanden, dass es sich um eine&nbsp;<strong>auf seine Bestellung hin individuell beschaffte Ware<\/strong>&nbsp;im Sinne des \u00a7\u202f312g Abs.\u202f2 Nr.\u202f1 BGB handelt.<\/p>\n\n\n\n<p>(3) Das gesetzliche Widerrufsrecht ist in diesen F\u00e4llen ausgeschlossen.<\/p>\n\n\n\n<h2 class=\"wp-block-heading\">\u00a79 Widerrufsrecht des Kunden als Verbraucher<\/h2>\n\n\n\n<p><strong>Widerrufsrecht f\u00fcr Verbraucher<\/strong><\/p>\n\n\n\n<p>Verbrauchern aus der EU steht ein Widerrufsrecht nach folgender Ma\u00dfgabe zu, wobei Verbraucher jede nat\u00fcrliche Person ist, die ein Rechtsgesch\u00e4ft zu Zwecken abschlie\u00dft, die \u00fcberwiegend weder ihrer gewerblichen noch ihrer selbst\u00e4ndigen beruflichen T\u00e4tigkeit zugerechnet werden k\u00f6nnen.<\/p>\n\n\n\n<p>Verbraucher, die zum Zeitpunkt des Vertragsschlusses keinem Mitgliedstaat der Europ\u00e4ischen Union angeh\u00f6ren und deren alleiniger Wohnsitz und Lieferadresse zum Zeitpunkt des Vertragsschlusses au\u00dferhalb der Europ\u00e4ischen Union liegen, sind von dieser Regelung ausgeschlossen. <\/p>\n\n\n\n<h3 class=\"wp-block-heading\">Widerrufsbelehrung<\/h3>\n\n\n\n<h4 class=\"wp-block-heading\">Widerrufsrecht<\/h4>\n\n\n\n<p>Sie haben das Recht, binnen vierzehn Tagen ohne Angabe von Gr\u00fcnden diesen Vertrag zu widerrufen.<\/p>\n\n\n\n<p>Die Widerrufsfrist betr\u00e4gt vierzehn Tage, ab dem Tag, an dem Sie oder ein von Ihnen benannter Dritter, der nicht der Bef\u00f6rderer ist, die Waren in Besitz genommen haben bzw. hat.<\/p>\n\n\n\n<p>Um Ihr Widerrufsrecht auszu\u00fcben, m\u00fcssen Sie uns<br><br>Anton Kostin Computerspiele<br>Bittenfelderweg 1<br>D-70437 Stuttgart<br>E-Mail support(at)handsomecake.com<br>mittels einer eindeutigen Erkl\u00e4rung (z.B. ein mit der Post versandter Brief, Telefax oder E-Mail) \u00fcber Ihren Entschluss, diesen Vertrag zu widerrufen, informieren. Sie k\u00f6nnen daf\u00fcr das beigef\u00fcgte Muster-Widerrufsformular verwenden, das jedoch nicht vorgeschrieben ist.<\/p>\n\n\n\n<h4 class=\"wp-block-heading\">Widerrufsfolgen<\/h4>\n\n\n\n<p>Wenn Sie diesen Vertrag widerrufen, haben wir Ihnen alle Zahlungen, die wir von Ihnen erhalten haben, einschlie\u00dflich der Lieferkosten (mit Ausnahme der zus\u00e4tzlichen Kosten, die sich daraus ergeben, dass Sie eine andere Art der Lieferung als die von uns angebotene, g\u00fcnstigste Standardlieferung gew\u00e4hlt haben), unverz\u00fcglich und sp\u00e4testens binnen vierzehn Tagen ab dem Tag zur\u00fcckzuzahlen, an dem die Mitteilung \u00fcber Ihren Widerruf dieses Vertrags bei uns eingegangen ist. F\u00fcr diese R\u00fcckzahlung verwenden wir dasselbe Zahlungsmittel, das Sie bei der urspr\u00fcnglichen Transaktion eingesetzt haben, es sei denn, mit Ihnen wurde ausdr\u00fccklich etwas anderes vereinbart; <\/p>\n\n\n\n<p>Wenn der Kunde eine R\u00fcckerstattung verlangt und die Bezahlung \u00fcber PayPal erfolgt ist, gilt Folgendes:<\/p>\n\n\n\n<ol class=\"wp-block-list\">\n<li>Sollte eine R\u00fcckerstattung nach 180 Tagen seit dem Bezahldatum aus Kulanz oder anderen Gr\u00fcnden gew\u00e4hrt werden, behalten wir die von PayPal erhobenen Geb\u00fchren ein. Dies bedeutet, dass der R\u00fcckerstattungsbetrag um die von PayPal berechneten Transaktionsgeb\u00fchren reduziert wird.<\/li>\n\n\n\n<li>Die H\u00f6he der einbehaltenen PayPal-Geb\u00fchren wird dem Kunden bei der Durchf\u00fchrung der R\u00fcckerstattung in der Rechnungskorrektur mitgeteilt.<\/li>\n<\/ol>\n\n\n\n<p>Wir k\u00f6nnen die R\u00fcckzahlung verweigern, bis wir die Waren wieder zur\u00fcckerhalten haben oder bis Sie den Nachweis erbracht haben, dass Sie die Waren zur\u00fcckgesandt haben, je nachdem, welches der fr\u00fchere Zeitpunkt ist.<\/p>\n\n\n\n<p>Sie haben die Waren unverz\u00fcglich und in jedem Fall sp\u00e4testens binnen vierzehn Tagen ab dem Tag, an dem Sie uns \u00fcber den Widerruf dieses Vertrages unterrichten, an uns zur\u00fcckzusenden oder zu \u00fcbergeben. Die Frist ist gewahrt, wenn Sie die Waren vor Ablauf der Frist von vierzehn Tagen absenden. Gem\u00e4\u00df <strong>\u00a7 357 Abs. 1 BGB<\/strong> erfolgt die R\u00fcckerstattung des Kaufpreises nur, wenn der Widerruf wirksam ist, die Ware vollst\u00e4ndig, als Ganzes &#8211; also in allen Teilen, sollte sie aus mehreren Teilen bestehen &#8211; und fristgerecht zur\u00fcckgesendet wurde.<\/p>\n\n\n\n<p>Die Ware ist ausschlie\u00dflich an folgende Adresse zu versenden:<\/p>\n\n\n\n<p>MVL Logistik GmbH<br>c\/o Anton Kostin Computerspiele<br>Edisonstra\u00dfe 39<br>D-90431 N\u00fcrnberg<\/p>\n\n\n\n<p>Nur diese Adresse kann Pakete empfangen, alle anderen auf dieser Seite angegebenen Adressen k\u00f6nnen nur Briefe empfangen. <\/p>\n\n\n\n<p>Sie tragen die unmittelbaren Kosten der R\u00fccksendung der Waren.<\/p>\n\n\n\n<p><strong>Ende der Widerrufsbelehrung<\/strong><\/p>\n\n\n\n<p>****************************************************************************************************<\/p>\n\n\n\n<h2 class=\"wp-block-heading\">\u00a710 Widerrufsformular<\/h2>\n\n\n\n<p>Muster-Widerrufsformular (Wenn Sie den Vertrag widerrufen wollen, dann f\u00fcllen Sie bitte dieses Formular aus und senden Sie es zur\u00fcck.)<br>An :<br>Anton Kostin Computerspiele<br>Bittenfelderweg 1<br>D-70437 Stuttgart<br>E-Mail support(at)handsomecake.com<\/p>\n\n\n\n<p>Hiermit widerrufe(n) ich\/wir (*) den von mir\/uns (*) abgeschlossenen Vertrag \u00fcber den Kauf der folgenden Waren (*)\/die Erbringung der folgenden Dienstleistung (*)<\/p>\n\n\n\n<p>_____________________________________________________<\/p>\n\n\n\n<p>Bestellt am (*)\/erhalten am (*)<\/p>\n\n\n\n<p>__________________<\/p>\n\n\n\n<p>Name des\/der Verbraucher(s)<\/p>\n\n\n\n<p>_____________________________________________________<\/p>\n\n\n\n<p>Anschrift des\/der Verbraucher(s)<\/p>\n\n\n\n<p>_____________________________________________________<\/p>\n\n\n\n<p>Unterschrift des\/der Verbraucher(s) (nur bei Mitteilung auf Papier)<\/p>\n\n\n\n<p>__________________<\/p>\n\n\n\n<p>Datum<\/p>\n\n\n\n<p>__________________<\/p>\n\n\n\n<p>(*) Unzutreffendes streichen.<\/p>\n\n\n\n<p>Die Ware ist ausschlie\u00dflich an folgende Adresse zu versenden:<\/p>\n\n\n\n<p>MVL Logistik GmbH<br>c\/o Anton Kostin Computerspiele<br>Edisonstra\u00dfe 39<br>D-90431 N\u00fcrnberg<\/p>\n\n\n\n<p>Nur diese Adresse kann Pakete empfangen, alle anderen auf dieser Seite angegebenen Adressen k\u00f6nnen nur Briefe empfangen. <\/p>\n\n\n\n<h2 class=\"wp-block-heading\">\u00a711 Gew\u00e4hrleistung<\/h2>\n\n\n\n<p>Es gelten die gesetzlichen Gew\u00e4hrleistungsregelungen.<\/p>\n\n\n\n<h2 class=\"wp-block-heading\">\u00a712 Vertragssprache<\/h2>\n\n\n\n<p>Als Vertragssprache steht ausschlie\u00dflich Deutsch zur Verf\u00fcgung.<\/p>\n\n\n\n<h2 class=\"wp-block-heading\">\u00a713 Gerichtsstand<\/h2>\n\n\n\n<p>F\u00fcr alle Streitigkeiten aus dem Vertrag zwischen uns und dem Kunden (Verbraucher\/gewerblicher Kunde) ist, soweit nicht gesetzlich zwingend etwas anderes bestimmt ist, der Gerichtsstand Stuttgart vereinbart.<\/p>\n\n\n\n<p>Stand der AGB Jul.2020<\/p>","protected":false},"excerpt":{"rendered":"<p>Allgemeine Gesch\u00e4ftsbedingungen der Firma Anton Kostin Computerspiele \u00a71 Geltung gegen\u00fcber Unternehmern und Begriffsdefinitionen (1) Die nachfolgenden Allgemeinen Gesch\u00e4ftbedingungen gelten f\u00fcr alle Lieferungen zwischen uns und einem Verbraucher in ihrer zum Zeitpunkt der Bestellung g\u00fcltigen Fassung. Verbraucher ist jede nat\u00fcrliche Person, die ein Rechtsgesch\u00e4ft zu Zwecken abschlie\u00dft, die \u00fcberwiegend weder ihrer gewerblichen noch ihrer selbst\u00e4ndigen beruflichen [&hellip;]<\/p>\n","protected":false},"author":985,"featured_media":0,"parent":0,"menu_order":0,"comment_status":"closed","ping_status":"closed","template":"","meta":{"footnotes":""},"class_list":["post-67","page","type-page","status-publish","hentry"],"_links":{"self":[{"href":"https:\/\/store.handsomecake.com\/en\/wp-json\/wp\/v2\/pages\/67","targetHints":{"allow":["GET"]}}],"collection":[{"href":"https:\/\/store.handsomecake.com\/en\/wp-json\/wp\/v2\/pages"}],"about":[{"href":"https:\/\/store.handsomecake.com\/en\/wp-json\/wp\/v2\/types\/page"}],"author":[{"embeddable":true,"href":"https:\/\/store.handsomecake.com\/en\/wp-json\/wp\/v2\/users\/985"}],"replies":[{"embeddable":true,"href":"https:\/\/store.handsomecake.com\/en\/wp-json\/wp\/v2\/comments?post=67"}],"version-history":[{"count":8,"href":"https:\/\/store.handsomecake.com\/en\/wp-json\/wp\/v2\/pages\/67\/revisions"}],"predecessor-version":[{"id":37083,"href":"https:\/\/store.handsomecake.com\/en\/wp-json\/wp\/v2\/pages\/67\/revisions\/37083"}],"wp:attachment":[{"href":"https:\/\/store.handsomecake.com\/en\/wp-json\/wp\/v2\/media?parent=67"}],"curies":[{"name":"wp","href":"https:\/\/api.w.org\/{rel}","templated":true}]}}