{"id":32694,"date":"2024-05-21T23:16:35","date_gmt":"2024-05-21T23:16:35","guid":{"rendered":"https:\/\/store.handsomecake.com\/?page_id=32694"},"modified":"2024-05-21T23:18:01","modified_gmt":"2024-05-21T23:18:01","slug":"jobs","status":"publish","type":"page","link":"https:\/\/store.handsomecake.com\/en\/jobs\/","title":{"rendered":"Jobs"},"content":{"rendered":"<p>Eine aktuelle \u00dcbersicht an unseren Jobangeboten<\/p>\n\n\n\n<p><strong>Kundensupport (Minijob) f\u00fcr Anime- und Comic-Figuren-Shop<\/strong><\/p>\n\n\n\n<p>Wir sind ein Online-Shop, spezialisiert auf den Verkauf von Anime- und Comic-Figuren, und suchen ab sofort eine engagierte und zuverl\u00e4ssige Unterst\u00fctzung f\u00fcr unser Kundensupport-Team auf Minijob-Basis.<\/p>\n\n\n\n<p><strong>Deine Aufgaben:<\/strong><\/p>\n\n\n\n<ul class=\"wp-block-list\">\n<li>Beantwortung von Kundenanfragen innerhalb eines Zeitraums von 72 Stunden (SLA)<\/li>\n\n\n\n<li>Rechtzeitige Eskalation komplexer oder kritischer Tickets an das Management<\/li>\n\n\n\n<li>Nutzung eines Ticket-Supportsystems mit vielen vordefinierten Antworten, wobei immer auch eigenst\u00e4ndiges Denken gefragt ist, um die beste L\u00f6sung f\u00fcr unsere Kunden zu finden<\/li>\n<\/ul>\n\n\n\n<p><strong>Dein Profil:<\/strong><\/p>\n\n\n\n<ul class=\"wp-block-list\">\n<li>Leidenschaft f\u00fcr Anime und Comics sowie ein grundlegendes Verst\u00e4ndnis der Produkte, die wir verkaufen<\/li>\n\n\n\n<li>Ausgepr\u00e4gte Kommunikationsf\u00e4higkeiten und eine freundliche, kundenorientierte Art<\/li>\n\n\n\n<li>Zuverl\u00e4ssigkeit und die F\u00e4higkeit, eigenst\u00e4ndig und organisiert zu arbeiten<\/li>\n\n\n\n<li>Erfahrung im Kundenservice ist von Vorteil, aber nicht zwingend erforderlich<\/li>\n<\/ul>\n\n\n\n<p><strong>Wir bieten:<\/strong><\/p>\n\n\n\n<ul class=\"wp-block-list\">\n<li>Eine flexible T\u00e4tigkeit auf Minijob-Basis, ideal neben dem Studium oder einer anderen Hauptbesch\u00e4ftigung<\/li>\n\n\n\n<li>Ein freundliches und motiviertes Team<\/li>\n\n\n\n<li>Die M\u00f6glichkeit, tief in die Welt der Anime- und Comic-Figuren einzutauchen<\/li>\n<\/ul>\n\n\n\n<p>Wenn du Interesse hast, unser Team zu verst\u00e4rken und einen Beitrag zur Zufriedenheit unserer Kunden zu leisten, freuen wir uns auf deine Bewerbung!<\/p>\n\n\n\n<p>Bitte sende deine Unterlagen per E-Mail an anton (at) handsomecake.com.<\/p>\n\n\n\n<p>Wir freuen uns darauf, dich kennenzulernen!<\/p>\n\n\n\n<p><\/p>","protected":false},"excerpt":{"rendered":"<p>Eine aktuelle \u00dcbersicht an unseren Jobangeboten Kundensupport (Minijob) f\u00fcr Anime- und Comic-Figuren-Shop Wir sind ein Online-Shop, spezialisiert auf den Verkauf von Anime- und Comic-Figuren, und suchen ab sofort eine engagierte und zuverl\u00e4ssige Unterst\u00fctzung f\u00fcr unser Kundensupport-Team auf Minijob-Basis. Deine Aufgaben: Dein Profil: Wir bieten: Wenn du Interesse hast, unser Team zu verst\u00e4rken und einen Beitrag [&hellip;]<\/p>\n","protected":false},"author":985,"featured_media":0,"parent":0,"menu_order":0,"comment_status":"closed","ping_status":"closed","template":"","meta":{"footnotes":""},"class_list":["post-32694","page","type-page","status-publish","hentry"],"_links":{"self":[{"href":"https:\/\/store.handsomecake.com\/en\/wp-json\/wp\/v2\/pages\/32694","targetHints":{"allow":["GET"]}}],"collection":[{"href":"https:\/\/store.handsomecake.com\/en\/wp-json\/wp\/v2\/pages"}],"about":[{"href":"https:\/\/store.handsomecake.com\/en\/wp-json\/wp\/v2\/types\/page"}],"author":[{"embeddable":true,"href":"https:\/\/store.handsomecake.com\/en\/wp-json\/wp\/v2\/users\/985"}],"replies":[{"embeddable":true,"href":"https:\/\/store.handsomecake.com\/en\/wp-json\/wp\/v2\/comments?post=32694"}],"version-history":[{"count":2,"href":"https:\/\/store.handsomecake.com\/en\/wp-json\/wp\/v2\/pages\/32694\/revisions"}],"predecessor-version":[{"id":32697,"href":"https:\/\/store.handsomecake.com\/en\/wp-json\/wp\/v2\/pages\/32694\/revisions\/32697"}],"wp:attachment":[{"href":"https:\/\/store.handsomecake.com\/en\/wp-json\/wp\/v2\/media?parent=32694"}],"curies":[{"name":"wp","href":"https:\/\/api.w.org\/{rel}","templated":true}]}}